{"id":1180,"date":"2014-06-16T01:07:06","date_gmt":"2014-06-16T00:07:06","guid":{"rendered":"http:\/\/www.mobilcheck.eu\/?page_id=1180"},"modified":"2017-03-30T08:50:33","modified_gmt":"2017-03-30T07:50:33","slug":"impressum","status":"publish","type":"page","link":"https:\/\/www.ferienhausmosel.eu\/en\/impressum\/","title":{"rendered":"imprint"},"content":{"rendered":"<h1 style=\"color: #1d6587;\">imprint<\/h1>\n<p><strong>According to \u00a7 5 TMG:<\/strong><br \/>\n<span class=\"bf_label\">Christiana<\/span> <span class=\"bf_label\">Comes-Limbach<br \/>\n<\/span><span class=\"bf_label\">Hedgehog 8<br \/>\n<\/span><span class=\"bf_label\">54539<\/span>\u00a0\u00fcrzig<span class=\"bf_label\"><br \/>\n<\/span><\/p>\n<p><strong>Contact:<\/strong><br \/>\nPhone:\u00a0<span class=\"bf_label\">+49<\/span>\u00a0177 6033668<span class=\"bf_label\"><br \/>\n<\/span><span class=\"bf_label\">E-mail: <a href=\"mailto:info@ferienhausmosel.eu\">info@ferienhausmosel.eu<\/a><\/span><\/p>\n<h1 style=\"color: #1d6587;\">Disclaimer \/ Disclaimer:<\/h1>\n<h2 style=\"color: #1d6587;\">Liability for content<\/h2>\n<p style=\"color: #444444;\">The contents of our pages were created with great care. For the accuracy, completeness and timeliness of the contents, however, we can not guarantee. As a service provider we are responsible according to \u00a7 7 Abs.1 TMG for own contents on these sides according to the general laws. According to \u00a7\u00a7 8 to 10 TMG, however, we as a service provider are not obliged to monitor transmitted or stored external information or to investigate circumstances that indicate illegal activity. Obligations to remove or block the use of information under general law remain unaffected. However, liability in this regard is only possible from the moment of knowledge of a specific infringement. Upon notification of appropriate violations, we will remove this content immediately.<\/p>\n<h2 style=\"color: #1d6587;\">Liability for links<\/h2>\n<p style=\"color: #444444;\">Our offer contains links to external websites of third parties on whose contents we have no influence. Therefore we can not assume any liability for these external contents. The content of the linked pages is always the responsibility of the respective provider or operator of the pages. The linked pages were checked for possible legal violations at the time of linking. Illegal content was not recognizable at the time of linking. However, a permanent content control of the linked pages is not reasonable without concrete evidence of a violation of law. Upon notification of violations, we will remove such links immediately.<\/p>\n<h2 style=\"color: #1d6587;\">copyright<\/h2>\n<p style=\"color: #444444;\">The content and works on these pages created by the site operators are subject to German copyright law. The duplication, processing, distribution and any kind of exploitation outside the limits of copyright require the written consent of the respective author or creator. Downloads and copies of this site are for private, non-commercial use only. As far as the contents on this side were not created by the operator, the copyrights of third parties are considered. In particular contents of third parties are marked as such. Should you still be aware of a copyright infringement, we ask for a note. Upon notification of violations, we will remove such content immediately.<\/p>","protected":false},"excerpt":{"rendered":"<p>Impressum Angaben gem\u00e4\u00df \u00a7 5 TMG: Christiana Comes-Limbach H\u00fcwel 8 54539\u00a0\u00dcrzig Kontakt: Telefon:\u00a0+49\u00a0177 6033668 E-Mail: info@ferienhausmosel.eu Disclaimer \/ Haftungsausschluss: Haftung f\u00fcr Inhalte Die Inhalte unserer Seiten wurden mit gr\u00f6\u00dfter Sorgfalt erstellt. F\u00fcr die Richtigkeit, Vollst\u00e4ndigkeit und Aktualit\u00e4t der Inhalte k\u00f6nnen wir jedoch keine Gew\u00e4hr \u00fcbernehmen. Als Diensteanbieter sind wir gem\u00e4\u00df \u00a7 7 Abs.1 TMG f\u00fcr [&hellip;]<\/p>\n","protected":false},"author":1,"featured_media":0,"parent":0,"menu_order":0,"comment_status":"closed","ping_status":"closed","template":"","meta":{"footnotes":""},"class_list":["post-1180","page","type-page","status-publish","hentry"],"yoast_head":"<!-- This site is optimized with the Yoast SEO plugin v27.2 - https:\/\/yoast.com\/product\/yoast-seo-wordpress\/ -->\n<title>Impressum - Ferienhaus Mosel<\/title>\n<meta name=\"robots\" content=\"index, follow, max-snippet:-1, max-image-preview:large, max-video-preview:-1\" \/>\n<link rel=\"canonical\" href=\"https:\/\/www.ferienhausmosel.eu\/en\/impressum\/\" \/>\n<meta property=\"og:locale\" content=\"en_GB\" \/>\n<meta property=\"og:type\" content=\"article\" \/>\n<meta property=\"og:title\" content=\"Impressum - Ferienhaus Mosel\" \/>\n<meta property=\"og:description\" content=\"Impressum Angaben gem\u00e4\u00df \u00a7 5 TMG: Christiana Comes-Limbach H\u00fcwel 8 54539\u00a0\u00dcrzig Kontakt: Telefon:\u00a0+49\u00a0177 6033668 E-Mail: info@ferienhausmosel.eu Disclaimer \/ Haftungsausschluss: Haftung f\u00fcr Inhalte Die Inhalte unserer Seiten wurden mit gr\u00f6\u00dfter Sorgfalt erstellt. F\u00fcr die Richtigkeit, Vollst\u00e4ndigkeit und Aktualit\u00e4t der Inhalte k\u00f6nnen wir jedoch keine Gew\u00e4hr \u00fcbernehmen. Als Diensteanbieter sind wir gem\u00e4\u00df \u00a7 7 Abs.1 TMG f\u00fcr [&hellip;]\" \/>\n<meta property=\"og:url\" content=\"https:\/\/www.ferienhausmosel.eu\/en\/impressum\/\" \/>\n<meta property=\"og:site_name\" content=\"Ferienhaus Mosel\" \/>\n<meta property=\"article:publisher\" content=\"https:\/\/www.facebook.com\/moselferienhaus\" \/>\n<meta property=\"article:modified_time\" content=\"2017-03-30T07:50:33+00:00\" \/>\n<meta name=\"twitter:label1\" content=\"Estimated reading time\" \/>\n\t<meta name=\"twitter:data1\" content=\"2 minutes\" \/>\n<script type=\"application\/ld+json\" class=\"yoast-schema-graph\">{\"@context\":\"https:\/\/schema.org\",\"@graph\":[{\"@type\":\"WebPage\",\"@id\":\"https:\/\/www.ferienhausmosel.eu\/en\/impressum\/\",\"url\":\"https:\/\/www.ferienhausmosel.eu\/en\/impressum\/\",\"name\":\"Impressum - Ferienhaus Mosel\",\"isPartOf\":{\"@id\":\"https:\/\/www.ferienhausmosel.eu\/#website\"},\"datePublished\":\"2014-06-16T00:07:06+00:00\",\"dateModified\":\"2017-03-30T07:50:33+00:00\",\"breadcrumb\":{\"@id\":\"https:\/\/www.ferienhausmosel.eu\/en\/impressum\/#breadcrumb\"},\"inLanguage\":\"en-GB\",\"potentialAction\":[{\"@type\":\"ReadAction\",\"target\":[\"https:\/\/www.ferienhausmosel.eu\/en\/impressum\/\"]}]},{\"@type\":\"BreadcrumbList\",\"@id\":\"https:\/\/www.ferienhausmosel.eu\/en\/impressum\/#breadcrumb\",\"itemListElement\":[{\"@type\":\"ListItem\",\"position\":1,\"name\":\"Home\",\"item\":\"https:\/\/www.ferienhausmosel.eu\/\"},{\"@type\":\"ListItem\",\"position\":2,\"name\":\"Impressum\"}]},{\"@type\":\"WebSite\",\"@id\":\"https:\/\/www.ferienhausmosel.eu\/#website\",\"url\":\"https:\/\/www.ferienhausmosel.eu\/\",\"name\":\"Ferienhaus Mosel\",\"description\":\"Die Ferienh\u00e4user in \u00dcrzig und Zeltingen mit dem besonderen Charme\",\"potentialAction\":[{\"@type\":\"SearchAction\",\"target\":{\"@type\":\"EntryPoint\",\"urlTemplate\":\"https:\/\/www.ferienhausmosel.eu\/?s={search_term_string}\"},\"query-input\":{\"@type\":\"PropertyValueSpecification\",\"valueRequired\":true,\"valueName\":\"search_term_string\"}}],\"inLanguage\":\"en-GB\"}]}<\/script>\n<!-- \/ Yoast SEO plugin. -->","yoast_head_json":{"title":"Impressum - Ferienhaus Mosel","robots":{"index":"index","follow":"follow","max-snippet":"max-snippet:-1","max-image-preview":"max-image-preview:large","max-video-preview":"max-video-preview:-1"},"canonical":"https:\/\/www.ferienhausmosel.eu\/en\/impressum\/","og_locale":"en_GB","og_type":"article","og_title":"Impressum - Ferienhaus Mosel","og_description":"Impressum Angaben gem\u00e4\u00df \u00a7 5 TMG: Christiana Comes-Limbach H\u00fcwel 8 54539\u00a0\u00dcrzig Kontakt: Telefon:\u00a0+49\u00a0177 6033668 E-Mail: info@ferienhausmosel.eu Disclaimer \/ Haftungsausschluss: Haftung f\u00fcr Inhalte Die Inhalte unserer Seiten wurden mit gr\u00f6\u00dfter Sorgfalt erstellt. F\u00fcr die Richtigkeit, Vollst\u00e4ndigkeit und Aktualit\u00e4t der Inhalte k\u00f6nnen wir jedoch keine Gew\u00e4hr \u00fcbernehmen. Als Diensteanbieter sind wir gem\u00e4\u00df \u00a7 7 Abs.1 TMG f\u00fcr [&hellip;]","og_url":"https:\/\/www.ferienhausmosel.eu\/en\/impressum\/","og_site_name":"Ferienhaus Mosel","article_publisher":"https:\/\/www.facebook.com\/moselferienhaus","article_modified_time":"2017-03-30T07:50:33+00:00","twitter_misc":{"Estimated reading time":"2 minutes"},"schema":{"@context":"https:\/\/schema.org","@graph":[{"@type":"WebPage","@id":"https:\/\/www.ferienhausmosel.eu\/en\/impressum\/","url":"https:\/\/www.ferienhausmosel.eu\/en\/impressum\/","name":"Impressum - Ferienhaus Mosel","isPartOf":{"@id":"https:\/\/www.ferienhausmosel.eu\/#website"},"datePublished":"2014-06-16T00:07:06+00:00","dateModified":"2017-03-30T07:50:33+00:00","breadcrumb":{"@id":"https:\/\/www.ferienhausmosel.eu\/en\/impressum\/#breadcrumb"},"inLanguage":"en-GB","potentialAction":[{"@type":"ReadAction","target":["https:\/\/www.ferienhausmosel.eu\/en\/impressum\/"]}]},{"@type":"BreadcrumbList","@id":"https:\/\/www.ferienhausmosel.eu\/en\/impressum\/#breadcrumb","itemListElement":[{"@type":"ListItem","position":1,"name":"Home","item":"https:\/\/www.ferienhausmosel.eu\/"},{"@type":"ListItem","position":2,"name":"Impressum"}]},{"@type":"WebSite","@id":"https:\/\/www.ferienhausmosel.eu\/#website","url":"https:\/\/www.ferienhausmosel.eu\/","name":"Holiday house Moselle","description":"The cottages in \u00dcrzig and Zeltingen with the special charm","potentialAction":[{"@type":"SearchAction","target":{"@type":"EntryPoint","urlTemplate":"https:\/\/www.ferienhausmosel.eu\/?s={search_term_string}"},"query-input":{"@type":"PropertyValueSpecification","valueRequired":true,"valueName":"search_term_string"}}],"inLanguage":"en-GB"}]}},"_links":{"self":[{"href":"https:\/\/www.ferienhausmosel.eu\/en\/wp-json\/wp\/v2\/pages\/1180","targetHints":{"allow":["GET"]}}],"collection":[{"href":"https:\/\/www.ferienhausmosel.eu\/en\/wp-json\/wp\/v2\/pages"}],"about":[{"href":"https:\/\/www.ferienhausmosel.eu\/en\/wp-json\/wp\/v2\/types\/page"}],"author":[{"embeddable":true,"href":"https:\/\/www.ferienhausmosel.eu\/en\/wp-json\/wp\/v2\/users\/1"}],"replies":[{"embeddable":true,"href":"https:\/\/www.ferienhausmosel.eu\/en\/wp-json\/wp\/v2\/comments?post=1180"}],"version-history":[{"count":14,"href":"https:\/\/www.ferienhausmosel.eu\/en\/wp-json\/wp\/v2\/pages\/1180\/revisions"}],"predecessor-version":[{"id":3483,"href":"https:\/\/www.ferienhausmosel.eu\/en\/wp-json\/wp\/v2\/pages\/1180\/revisions\/3483"}],"wp:attachment":[{"href":"https:\/\/www.ferienhausmosel.eu\/en\/wp-json\/wp\/v2\/media?parent=1180"}],"curies":[{"name":"wp","href":"https:\/\/api.w.org\/{rel}","templated":true}]}}