{"id":3126,"date":"2016-07-03T16:46:59","date_gmt":"2016-07-03T15:46:59","guid":{"rendered":"http:\/\/www.ferienhaus-mosel.info\/?page_id=3126"},"modified":"2025-12-07T12:01:20","modified_gmt":"2025-12-07T11:01:20","slug":"ferienhaus-uerzig-vinum","status":"publish","type":"page","link":"https:\/\/www.ferienhausmosel.eu\/en\/ferienhaus-uerzig-vinum\/","title":{"rendered":"Holiday house Vinum in Uerzig"},"content":{"rendered":"<h1 style=\"margin-bottom: 10px !important;\">Holiday home Vinum in Urzig<\/h1>\n<h4 style=\"margin-top: 10px !important; margin-bottom: 33px !important;\">Ehemaliges Weingut mit Moselblick, ideal f\u00fcr 6-8 Personen<\/h4>\n<p><span><img loading=\"lazy\" decoding=\"async\" alt=\"\" data-id=\"3893\" width=\"2560\" height=\"1702\" title=\"300_7428_r2\" src=\"https:\/\/www.ferienhausmosel.eu\/wp-content\/uploads\/2025\/11\/300_7428_r2-300x199.jpg\" data-src=\"https:\/\/www.ferienhausmosel.eu\/wp-content\/uploads\/2025\/11\/300_7428_r2-1024x681.jpg\" data-sizes=\"{&quot;thumbnail&quot;:{&quot;height&quot;:150,&quot;width&quot;:150,&quot;url&quot;:&quot;https:\/\/www.ferienhausmosel.eu\/wp-content\/uploads\/2025\/11\/300_7428_r2-150x150.jpg&quot;,&quot;orientation&quot;:&quot;landscape&quot;},&quot;medium&quot;:{&quot;height&quot;:199,&quot;width&quot;:300,&quot;url&quot;:&quot;https:\/\/www.ferienhausmosel.eu\/wp-content\/uploads\/2025\/11\/300_7428_r2-300x199.jpg&quot;,&quot;orientation&quot;:&quot;landscape&quot;},&quot;large&quot;:{&quot;height&quot;:681,&quot;width&quot;:1024,&quot;url&quot;:&quot;https:\/\/www.ferienhausmosel.eu\/wp-content\/uploads\/2025\/11\/300_7428_r2-1024x681.jpg&quot;,&quot;orientation&quot;:&quot;landscape&quot;},&quot;trp-custom-language-flag&quot;:{&quot;height&quot;:12,&quot;width&quot;:18,&quot;url&quot;:&quot;https:\/\/www.ferienhausmosel.eu\/wp-content\/uploads\/2025\/11\/300_7428_r2-18x12.jpg&quot;,&quot;orientation&quot;:&quot;landscape&quot;},&quot;full&quot;:{&quot;url&quot;:&quot;https:\/\/www.ferienhausmosel.eu\/wp-content\/uploads\/2025\/11\/300_7428_r2.jpg&quot;,&quot;height&quot;:1702,&quot;width&quot;:2560,&quot;orientation&quot;:&quot;landscape&quot;}}\" style=\"\"><\/span><span><img loading=\"lazy\" decoding=\"async\" alt=\"\" data-id=\"3315\" width=\"1024\" height=\"768\" title=\"eaecee33-5860-4f8a-a82b-19c4557314f4.1.10\" src=\"https:\/\/www.ferienhausmosel.eu\/wp-content\/uploads\/2017\/01\/eaecee33-5860-4f8a-a82b-19c4557314f4.1.10-300x225.jpg\" data-src=\"https:\/\/www.ferienhausmosel.eu\/wp-content\/uploads\/2017\/01\/eaecee33-5860-4f8a-a82b-19c4557314f4.1.10.jpg\" data-sizes=\"{&quot;thumbnail&quot;:{&quot;height&quot;:150,&quot;width&quot;:150,&quot;url&quot;:&quot;https:\/\/www.ferienhausmosel.eu\/wp-content\/uploads\/2017\/01\/eaecee33-5860-4f8a-a82b-19c4557314f4.1.10-150x150.jpg&quot;,&quot;orientation&quot;:&quot;landscape&quot;},&quot;medium&quot;:{&quot;height&quot;:225,&quot;width&quot;:300,&quot;url&quot;:&quot;https:\/\/www.ferienhausmosel.eu\/wp-content\/uploads\/2017\/01\/eaecee33-5860-4f8a-a82b-19c4557314f4.1.10-300x225.jpg&quot;,&quot;orientation&quot;:&quot;landscape&quot;},&quot;full&quot;:{&quot;url&quot;:&quot;https:\/\/www.ferienhausmosel.eu\/wp-content\/uploads\/2017\/01\/eaecee33-5860-4f8a-a82b-19c4557314f4.1.10.jpg&quot;,&quot;height&quot;:768,&quot;width&quot;:1024,&quot;orientation&quot;:&quot;landscape&quot;}}\" style=\"\"><\/span><span><img loading=\"lazy\" decoding=\"async\" alt=\"\" data-id=\"3864\" width=\"2560\" height=\"1920\" title=\"IMG_8080\" src=\"https:\/\/www.ferienhausmosel.eu\/wp-content\/uploads\/2024\/08\/IMG_8080-300x225.jpg\" data-src=\"https:\/\/www.ferienhausmosel.eu\/wp-content\/uploads\/2024\/08\/IMG_8080-1024x768.jpg\" data-sizes=\"{&quot;thumbnail&quot;:{&quot;height&quot;:150,&quot;width&quot;:150,&quot;url&quot;:&quot;https:\/\/www.ferienhausmosel.eu\/wp-content\/uploads\/2024\/08\/IMG_8080-150x150.jpg&quot;,&quot;orientation&quot;:&quot;landscape&quot;},&quot;medium&quot;:{&quot;height&quot;:225,&quot;width&quot;:300,&quot;url&quot;:&quot;https:\/\/www.ferienhausmosel.eu\/wp-content\/uploads\/2024\/08\/IMG_8080-300x225.jpg&quot;,&quot;orientation&quot;:&quot;landscape&quot;},&quot;large&quot;:{&quot;height&quot;:768,&quot;width&quot;:1024,&quot;url&quot;:&quot;https:\/\/www.ferienhausmosel.eu\/wp-content\/uploads\/2024\/08\/IMG_8080-1024x768.jpg&quot;,&quot;orientation&quot;:&quot;landscape&quot;},&quot;trp-custom-language-flag&quot;:{&quot;height&quot;:12,&quot;width&quot;:16,&quot;url&quot;:&quot;https:\/\/www.ferienhausmosel.eu\/wp-content\/uploads\/2024\/08\/IMG_8080-16x12.jpg&quot;,&quot;orientation&quot;:&quot;landscape&quot;},&quot;full&quot;:{&quot;url&quot;:&quot;https:\/\/www.ferienhausmosel.eu\/wp-content\/uploads\/2024\/08\/IMG_8080-scaled.jpg&quot;,&quot;height&quot;:1920,&quot;width&quot;:2560,&quot;orientation&quot;:&quot;landscape&quot;}}\" style=\"\"><\/span><span><img decoding=\"async\" alt=\"\" data-id=\"3313\" width=\"\" height=\"\" title=\"42d834d6-a119-49fd-94d4-a6cf521bb952.1.10\" src=\"https:\/\/www.ferienhausmosel.eu\/wp-content\/uploads\/2017\/01\/42d834d6-a119-49fd-94d4-a6cf521bb952.1.10.jpg\" data-src=\"https:\/\/www.ferienhausmosel.eu\/wp-content\/uploads\/2017\/01\/42d834d6-a119-49fd-94d4-a6cf521bb952.1.10.jpg\" loading=\"lazy\" data-sizes=\"{&quot;full&quot;:{&quot;url&quot;:&quot;https:\/\/www.ferienhausmosel.eu\/wp-content\/uploads\/2017\/01\/42d834d6-a119-49fd-94d4-a6cf521bb952.1.10.jpg&quot;}}\" style=\"\"><\/span><span><img decoding=\"async\" alt=\"\" data-id=\"3434\" width=\"\" height=\"\" title=\"Bildschirmfoto 2017-02-06 um 18.56.59\" src=\"https:\/\/www.ferienhausmosel.eu\/wp-content\/uploads\/2017\/02\/Bildschirmfoto-2017-02-06-um-18.56.59.png\" data-src=\"https:\/\/www.ferienhausmosel.eu\/wp-content\/uploads\/2017\/02\/Bildschirmfoto-2017-02-06-um-18.56.59.png\" loading=\"lazy\" data-sizes=\"{&quot;full&quot;:{&quot;url&quot;:&quot;https:\/\/www.ferienhausmosel.eu\/wp-content\/uploads\/2017\/02\/Bildschirmfoto-2017-02-06-um-18.56.59.png&quot;}}\" style=\"\"><\/span><span><img loading=\"lazy\" decoding=\"async\" alt=\"\" data-id=\"3311\" width=\"576\" height=\"768\" title=\"bcb673bc-d425-4076-ac1d-a920ca1bfeb2.1.10\" src=\"https:\/\/www.ferienhausmosel.eu\/wp-content\/uploads\/2017\/01\/bcb673bc-d425-4076-ac1d-a920ca1bfeb2.1.10-225x300.jpg\" data-src=\"https:\/\/www.ferienhausmosel.eu\/wp-content\/uploads\/2017\/01\/bcb673bc-d425-4076-ac1d-a920ca1bfeb2.1.10.jpg\" data-sizes=\"{&quot;thumbnail&quot;:{&quot;height&quot;:150,&quot;width&quot;:150,&quot;url&quot;:&quot;https:\/\/www.ferienhausmosel.eu\/wp-content\/uploads\/2017\/01\/bcb673bc-d425-4076-ac1d-a920ca1bfeb2.1.10-150x150.jpg&quot;,&quot;orientation&quot;:&quot;landscape&quot;},&quot;medium&quot;:{&quot;height&quot;:300,&quot;width&quot;:225,&quot;url&quot;:&quot;https:\/\/www.ferienhausmosel.eu\/wp-content\/uploads\/2017\/01\/bcb673bc-d425-4076-ac1d-a920ca1bfeb2.1.10-225x300.jpg&quot;,&quot;orientation&quot;:&quot;portrait&quot;},&quot;full&quot;:{&quot;url&quot;:&quot;https:\/\/www.ferienhausmosel.eu\/wp-content\/uploads\/2017\/01\/bcb673bc-d425-4076-ac1d-a920ca1bfeb2.1.10.jpg&quot;,&quot;height&quot;:768,&quot;width&quot;:576,&quot;orientation&quot;:&quot;portrait&quot;}}\" style=\"\"><\/span><span><img loading=\"lazy\" decoding=\"async\" alt=\"\" data-id=\"3310\" width=\"576\" height=\"768\" title=\"96a5edd9-a262-4a7e-8448-12c141df1269.1.10\" src=\"https:\/\/www.ferienhausmosel.eu\/wp-content\/uploads\/2017\/01\/96a5edd9-a262-4a7e-8448-12c141df1269.1.10-225x300.jpg\" data-src=\"https:\/\/www.ferienhausmosel.eu\/wp-content\/uploads\/2017\/01\/96a5edd9-a262-4a7e-8448-12c141df1269.1.10.jpg\" data-sizes=\"{&quot;thumbnail&quot;:{&quot;height&quot;:150,&quot;width&quot;:150,&quot;url&quot;:&quot;https:\/\/www.ferienhausmosel.eu\/wp-content\/uploads\/2017\/01\/96a5edd9-a262-4a7e-8448-12c141df1269.1.10-150x150.jpg&quot;,&quot;orientation&quot;:&quot;landscape&quot;},&quot;medium&quot;:{&quot;height&quot;:300,&quot;width&quot;:225,&quot;url&quot;:&quot;https:\/\/www.ferienhausmosel.eu\/wp-content\/uploads\/2017\/01\/96a5edd9-a262-4a7e-8448-12c141df1269.1.10-225x300.jpg&quot;,&quot;orientation&quot;:&quot;portrait&quot;},&quot;full&quot;:{&quot;url&quot;:&quot;https:\/\/www.ferienhausmosel.eu\/wp-content\/uploads\/2017\/01\/96a5edd9-a262-4a7e-8448-12c141df1269.1.10.jpg&quot;,&quot;height&quot;:768,&quot;width&quot;:576,&quot;orientation&quot;:&quot;portrait&quot;}}\" style=\"\"><\/span><span><img loading=\"lazy\" decoding=\"async\" alt=\"\" data-id=\"3309\" width=\"1024\" height=\"768\" title=\"a93a5b6e-a592-4241-8295-a5aeef7a9f27.1.10\" src=\"https:\/\/www.ferienhausmosel.eu\/wp-content\/uploads\/2017\/01\/a93a5b6e-a592-4241-8295-a5aeef7a9f27.1.10-300x225.jpg\" data-src=\"https:\/\/www.ferienhausmosel.eu\/wp-content\/uploads\/2017\/01\/a93a5b6e-a592-4241-8295-a5aeef7a9f27.1.10.jpg\" data-sizes=\"{&quot;thumbnail&quot;:{&quot;height&quot;:150,&quot;width&quot;:150,&quot;url&quot;:&quot;https:\/\/www.ferienhausmosel.eu\/wp-content\/uploads\/2017\/01\/a93a5b6e-a592-4241-8295-a5aeef7a9f27.1.10-150x150.jpg&quot;,&quot;orientation&quot;:&quot;landscape&quot;},&quot;medium&quot;:{&quot;height&quot;:225,&quot;width&quot;:300,&quot;url&quot;:&quot;https:\/\/www.ferienhausmosel.eu\/wp-content\/uploads\/2017\/01\/a93a5b6e-a592-4241-8295-a5aeef7a9f27.1.10-300x225.jpg&quot;,&quot;orientation&quot;:&quot;landscape&quot;},&quot;full&quot;:{&quot;url&quot;:&quot;https:\/\/www.ferienhausmosel.eu\/wp-content\/uploads\/2017\/01\/a93a5b6e-a592-4241-8295-a5aeef7a9f27.1.10.jpg&quot;,&quot;height&quot;:768,&quot;width&quot;:1024,&quot;orientation&quot;:&quot;landscape&quot;}}\" style=\"\"><\/span><span><img decoding=\"async\" alt=\"\" data-id=\"3308\" width=\"\" height=\"\" title=\"913baf03-2a04-43b8-b407-195e916bd74b.1.10\" src=\"https:\/\/www.ferienhausmosel.eu\/wp-content\/uploads\/2017\/01\/913baf03-2a04-43b8-b407-195e916bd74b.1.10.jpg\" data-src=\"https:\/\/www.ferienhausmosel.eu\/wp-content\/uploads\/2017\/01\/913baf03-2a04-43b8-b407-195e916bd74b.1.10.jpg\" loading=\"lazy\" data-sizes=\"{&quot;full&quot;:{&quot;url&quot;:&quot;https:\/\/www.ferienhausmosel.eu\/wp-content\/uploads\/2017\/01\/913baf03-2a04-43b8-b407-195e916bd74b.1.10.jpg&quot;}}\" style=\"\"><\/span><span><img loading=\"lazy\" decoding=\"async\" alt=\"\" data-id=\"3438\" width=\"2592\" height=\"1936\" title=\"IMG_7500\" src=\"https:\/\/www.ferienhausmosel.eu\/wp-content\/uploads\/2017\/02\/IMG_7500-300x224.jpg\" data-src=\"https:\/\/www.ferienhausmosel.eu\/wp-content\/uploads\/2017\/02\/IMG_7500-1024x765.jpg\" data-sizes=\"{&quot;thumbnail&quot;:{&quot;height&quot;:150,&quot;width&quot;:150,&quot;url&quot;:&quot;https:\/\/www.ferienhausmosel.eu\/wp-content\/uploads\/2017\/02\/IMG_7500-150x150.jpg&quot;,&quot;orientation&quot;:&quot;landscape&quot;},&quot;medium&quot;:{&quot;height&quot;:224,&quot;width&quot;:300,&quot;url&quot;:&quot;https:\/\/www.ferienhausmosel.eu\/wp-content\/uploads\/2017\/02\/IMG_7500-300x224.jpg&quot;,&quot;orientation&quot;:&quot;landscape&quot;},&quot;large&quot;:{&quot;height&quot;:765,&quot;width&quot;:1024,&quot;url&quot;:&quot;https:\/\/www.ferienhausmosel.eu\/wp-content\/uploads\/2017\/02\/IMG_7500-1024x765.jpg&quot;,&quot;orientation&quot;:&quot;landscape&quot;},&quot;full&quot;:{&quot;url&quot;:&quot;https:\/\/www.ferienhausmosel.eu\/wp-content\/uploads\/2017\/02\/IMG_7500.jpg&quot;,&quot;height&quot;:1936,&quot;width&quot;:2592,&quot;orientation&quot;:&quot;landscape&quot;}}\" style=\"\"><\/span><span><img loading=\"lazy\" decoding=\"async\" alt=\"\" data-id=\"3305\" width=\"1024\" height=\"768\" title=\"961fafd8-4fb3-4989-8f54-45a1d28f5ee2.1.10\" src=\"https:\/\/www.ferienhausmosel.eu\/wp-content\/uploads\/2017\/01\/961fafd8-4fb3-4989-8f54-45a1d28f5ee2.1.10-300x225.jpg\" data-src=\"https:\/\/www.ferienhausmosel.eu\/wp-content\/uploads\/2017\/01\/961fafd8-4fb3-4989-8f54-45a1d28f5ee2.1.10.jpg\" data-sizes=\"{&quot;thumbnail&quot;:{&quot;height&quot;:150,&quot;width&quot;:150,&quot;url&quot;:&quot;https:\/\/www.ferienhausmosel.eu\/wp-content\/uploads\/2017\/01\/961fafd8-4fb3-4989-8f54-45a1d28f5ee2.1.10-150x150.jpg&quot;,&quot;orientation&quot;:&quot;landscape&quot;},&quot;medium&quot;:{&quot;height&quot;:225,&quot;width&quot;:300,&quot;url&quot;:&quot;https:\/\/www.ferienhausmosel.eu\/wp-content\/uploads\/2017\/01\/961fafd8-4fb3-4989-8f54-45a1d28f5ee2.1.10-300x225.jpg&quot;,&quot;orientation&quot;:&quot;landscape&quot;},&quot;full&quot;:{&quot;url&quot;:&quot;https:\/\/www.ferienhausmosel.eu\/wp-content\/uploads\/2017\/01\/961fafd8-4fb3-4989-8f54-45a1d28f5ee2.1.10.jpg&quot;,&quot;height&quot;:768,&quot;width&quot;:1024,&quot;orientation&quot;:&quot;landscape&quot;}}\" style=\"\"><\/span><span><img loading=\"lazy\" decoding=\"async\" alt=\"\" data-id=\"3303\" width=\"576\" height=\"768\" title=\"2326cfa1-60d9-4e95-b58f-c0b58abd8133.1.10\" src=\"https:\/\/www.ferienhausmosel.eu\/wp-content\/uploads\/2017\/01\/2326cfa1-60d9-4e95-b58f-c0b58abd8133.1.10-225x300.jpg\" data-src=\"https:\/\/www.ferienhausmosel.eu\/wp-content\/uploads\/2017\/01\/2326cfa1-60d9-4e95-b58f-c0b58abd8133.1.10.jpg\" data-sizes=\"{&quot;thumbnail&quot;:{&quot;height&quot;:150,&quot;width&quot;:150,&quot;url&quot;:&quot;https:\/\/www.ferienhausmosel.eu\/wp-content\/uploads\/2017\/01\/2326cfa1-60d9-4e95-b58f-c0b58abd8133.1.10-150x150.jpg&quot;,&quot;orientation&quot;:&quot;landscape&quot;},&quot;medium&quot;:{&quot;height&quot;:300,&quot;width&quot;:225,&quot;url&quot;:&quot;https:\/\/www.ferienhausmosel.eu\/wp-content\/uploads\/2017\/01\/2326cfa1-60d9-4e95-b58f-c0b58abd8133.1.10-225x300.jpg&quot;,&quot;orientation&quot;:&quot;portrait&quot;},&quot;full&quot;:{&quot;url&quot;:&quot;https:\/\/www.ferienhausmosel.eu\/wp-content\/uploads\/2017\/01\/2326cfa1-60d9-4e95-b58f-c0b58abd8133.1.10.jpg&quot;,&quot;height&quot;:768,&quot;width&quot;:576,&quot;orientation&quot;:&quot;portrait&quot;}}\" style=\"\"><\/span><\/p>\n<ul data-unit=\"px\" style=\"margin-top: -10px !important;\">\n<li style=\"line-height: 22px;\">120 m\u00b2 Wohnfl\u00e4che<\/li>\n<li style=\"line-height: 22px;\">4 bedrooms with double beds<\/li>\n<li style=\"line-height: 22px;\">Loggia with direct view of the Moselle<\/li>\n<li style=\"line-height: 22px;\">All rooms with high ceilings<\/li>\n<li style=\"line-height: 22px;\">3 bathrooms<\/li>\n<li style=\"line-height: 22px;\">parking spot<\/li>\n<li style=\"line-height: 22px;\">Fully equipped kitchen<\/li>\n<li style=\"line-height: 22px;\">Free WIFI<\/li>\n<li style=\"line-height: 22px;\">Fernsehen mit SAT-TV<\/li>\n<\/ul>\n<p style=\"margin-bottom: 15px !important; margin-top: 15px !important;\">Ihr Feriendomizil verf\u00fcgt \u00fcber 4 Schlafzimmer, 3 Badezimmer, komplett ausgestattete moderne K\u00fcche, Wohnzimmer mit Couch, gro\u00dfem Esstisch und Loggia mit direktem Moselblick.<\/p>\n<p style=\"margin-bottom: 15px !important;\">In diesem ehemaligen Weingut haben alle R\u00e4ume hohe Decken und bieten viel Platz. Selbstverst\u00e4ndlich stehen Ihnen Fernseher, W-LAN und weitere Annehmlichkeiten zur Verf\u00fcgung. Das Ferienhaus befindet sich in einer typischen Dorfgasse ohne Durchgangsverkehr (Sackgasse). Es besitzt f\u00fcr die G\u00e4ste eigene Parkpl\u00e4tze direkt neben dem Haus. Das Haus ist komplett neu renoviert und so werden auch noch weitere Bilder erg\u00e4nzt.<\/p>\n<p style=\"margin-bottom: 15px !important;\">In reizvoller Umgebung k\u00f6nnen Sie vielf\u00e4ltige Aktivit\u00e4ten wahrnehmen oder einfach relaxen. Im Ort finden Sie einen B\u00e4cker mit kleinem Supermarkt, Metzger, Tankstelle, Bank, Arzt und zahlreiche Restaurants. Genie\u00dfen Sie die Abende in einer gem\u00fctlichen Strau\u00dfwirtschaft. Viele Winzer bieten vor Ort Weinproben an. Sprechen Sie uns an. Wir organisieren gerne eine Weinprobe im Gew\u00f6lbekeller f\u00fcr Sie.<\/p>\n<p style=\"margin-bottom: 15px !important;\">Especially in the months of August, September and October, numerous wine and street festivals are held along the central Mosel. Here you can get to know the people, the wine and the Moselle cuisine.In December you can visit the Christmas market in the historic old town of Trier, Bernkastel-Kues and Traben-Trarbach.<\/p>\n<p style=\"margin-bottom: 15px !important;\">Start your leisure activities all year round from \u00dcrzig. Through the vineyards lead both hiking trails and bike paths. From here you can reach on day trips Bernkastel-Kues, Cochem, Burg Eltz, Trier, Koblenz, Hunsr\u00fcck, Eifel, Luxembourg and many other well-known destinations.<\/p>\n<p><span><\/span><\/p>\n<h4 style=\"margin-top: 5px !important; margin-bottom: 5px !important;\"><span style=\"font-size: 33px;\">from 1.190 \u20ac<\/span><\/h4>\n<p style=\"margin-bottom: 0px !important; margin-top: 0px !important;\">6 persons \/ week<\/p>\n<h4>Great location with beautiful view over the Moselle<\/h4>\n<p>Great stay in a beautiful area. We stayed with four adults and three kids. Lots of great activities in the area. The house is perfect and roomy, the balcony is awesome! Kitchen and bathrooms are brand new! Owner is very helpful and friendly.<\/p>\n<p>                <span>                    Teun B.                <\/span><span>                                            <\/span><\/p>","protected":false},"excerpt":{"rendered":"<p>Ferienhaus Vinum in \u00dcrzig Ehemaliges Weingut mit Moselblick, ideal f\u00fcr 6-8 Personen 120 m\u00b2 Wohnfl\u00e4che 4 Schlafzimmer mit Doppelbetten Loggia mit direktem Moselblick Alle R\u00e4ume mit hohen Decken 3 Badezimmer Parkplatz Voll ausgestattete K\u00fcche Kostenfreies W-LAN Fernsehen mit SAT-TV Ihr Feriendomizil verf\u00fcgt \u00fcber 4 Schlafzimmer, 3 Badezimmer, komplett ausgestattete moderne K\u00fcche, Wohnzimmer mit Couch, gro\u00dfem [&hellip;]<\/p>\n","protected":false},"author":1,"featured_media":0,"parent":0,"menu_order":0,"comment_status":"closed","ping_status":"closed","template":"","meta":{"footnotes":""},"class_list":["post-3126","page","type-page","status-publish","hentry"],"yoast_head":"<!-- This site is optimized with the Yoast SEO plugin v27.2 - https:\/\/yoast.com\/product\/yoast-seo-wordpress\/ -->\n<title>Ferienhaus Vinum in Uerzig - Ferienhaus Mosel<\/title>\n<meta name=\"robots\" content=\"index, follow, max-snippet:-1, max-image-preview:large, max-video-preview:-1\" \/>\n<link rel=\"canonical\" href=\"https:\/\/www.ferienhausmosel.eu\/en\/ferienhaus-uerzig-vinum\/\" \/>\n<meta property=\"og:locale\" content=\"en_GB\" \/>\n<meta property=\"og:type\" content=\"article\" \/>\n<meta property=\"og:title\" content=\"Ferienhaus Vinum in Uerzig - Ferienhaus Mosel\" \/>\n<meta property=\"og:description\" content=\"Ferienhaus Vinum in \u00dcrzig Ehemaliges Weingut mit Moselblick, ideal f\u00fcr 6-8 Personen 120 m\u00b2 Wohnfl\u00e4che 4 Schlafzimmer mit Doppelbetten Loggia mit direktem Moselblick Alle R\u00e4ume mit hohen Decken 3 Badezimmer Parkplatz Voll ausgestattete K\u00fcche Kostenfreies W-LAN Fernsehen mit SAT-TV Ihr Feriendomizil verf\u00fcgt \u00fcber 4 Schlafzimmer, 3 Badezimmer, komplett ausgestattete moderne K\u00fcche, Wohnzimmer mit Couch, gro\u00dfem [&hellip;]\" \/>\n<meta property=\"og:url\" content=\"https:\/\/www.ferienhausmosel.eu\/en\/ferienhaus-uerzig-vinum\/\" \/>\n<meta property=\"og:site_name\" content=\"Ferienhaus Mosel\" \/>\n<meta property=\"article:publisher\" content=\"https:\/\/www.facebook.com\/moselferienhaus\" \/>\n<meta property=\"article:modified_time\" content=\"2025-12-07T11:01:20+00:00\" \/>\n<meta property=\"og:image\" content=\"https:\/\/www.ferienhausmosel.eu\/wp-content\/uploads\/2025\/11\/300_7428_r2-300x199.jpg\" \/>\n<meta name=\"twitter:label1\" content=\"Estimated reading time\" \/>\n\t<meta name=\"twitter:data1\" content=\"2 minutes\" \/>\n<script type=\"application\/ld+json\" class=\"yoast-schema-graph\">{\"@context\":\"https:\/\/schema.org\",\"@graph\":[{\"@type\":\"WebPage\",\"@id\":\"https:\/\/www.ferienhausmosel.eu\/ferienhaus-uerzig-vinum\/\",\"url\":\"https:\/\/www.ferienhausmosel.eu\/ferienhaus-uerzig-vinum\/\",\"name\":\"Ferienhaus Vinum in Uerzig - Ferienhaus Mosel\",\"isPartOf\":{\"@id\":\"https:\/\/www.ferienhausmosel.eu\/#website\"},\"primaryImageOfPage\":{\"@id\":\"https:\/\/www.ferienhausmosel.eu\/ferienhaus-uerzig-vinum\/#primaryimage\"},\"image\":{\"@id\":\"https:\/\/www.ferienhausmosel.eu\/ferienhaus-uerzig-vinum\/#primaryimage\"},\"thumbnailUrl\":\"https:\/\/www.ferienhausmosel.eu\/wp-content\/uploads\/2025\/11\/300_7428_r2-300x199.jpg\",\"datePublished\":\"2016-07-03T15:46:59+00:00\",\"dateModified\":\"2025-12-07T11:01:20+00:00\",\"breadcrumb\":{\"@id\":\"https:\/\/www.ferienhausmosel.eu\/ferienhaus-uerzig-vinum\/#breadcrumb\"},\"inLanguage\":\"en-GB\",\"potentialAction\":[{\"@type\":\"ReadAction\",\"target\":[\"https:\/\/www.ferienhausmosel.eu\/ferienhaus-uerzig-vinum\/\"]}]},{\"@type\":\"ImageObject\",\"inLanguage\":\"en-GB\",\"@id\":\"https:\/\/www.ferienhausmosel.eu\/ferienhaus-uerzig-vinum\/#primaryimage\",\"url\":\"https:\/\/www.ferienhausmosel.eu\/wp-content\/uploads\/2025\/11\/300_7428_r2-300x199.jpg\",\"contentUrl\":\"https:\/\/www.ferienhausmosel.eu\/wp-content\/uploads\/2025\/11\/300_7428_r2-300x199.jpg\"},{\"@type\":\"BreadcrumbList\",\"@id\":\"https:\/\/www.ferienhausmosel.eu\/ferienhaus-uerzig-vinum\/#breadcrumb\",\"itemListElement\":[{\"@type\":\"ListItem\",\"position\":1,\"name\":\"Home\",\"item\":\"https:\/\/www.ferienhausmosel.eu\/\"},{\"@type\":\"ListItem\",\"position\":2,\"name\":\"Ferienhaus Vinum in Uerzig\"}]},{\"@type\":\"WebSite\",\"@id\":\"https:\/\/www.ferienhausmosel.eu\/#website\",\"url\":\"https:\/\/www.ferienhausmosel.eu\/\",\"name\":\"Ferienhaus Mosel\",\"description\":\"Die Ferienh\u00e4user in \u00dcrzig und Zeltingen mit dem besonderen Charme\",\"potentialAction\":[{\"@type\":\"SearchAction\",\"target\":{\"@type\":\"EntryPoint\",\"urlTemplate\":\"https:\/\/www.ferienhausmosel.eu\/?s={search_term_string}\"},\"query-input\":{\"@type\":\"PropertyValueSpecification\",\"valueRequired\":true,\"valueName\":\"search_term_string\"}}],\"inLanguage\":\"en-GB\"}]}<\/script>\n<!-- \/ Yoast SEO plugin. -->","yoast_head_json":{"title":"Ferienhaus Vinum in Uerzig - Ferienhaus Mosel","robots":{"index":"index","follow":"follow","max-snippet":"max-snippet:-1","max-image-preview":"max-image-preview:large","max-video-preview":"max-video-preview:-1"},"canonical":"https:\/\/www.ferienhausmosel.eu\/en\/ferienhaus-uerzig-vinum\/","og_locale":"en_GB","og_type":"article","og_title":"Ferienhaus Vinum in Uerzig - Ferienhaus Mosel","og_description":"Ferienhaus Vinum in \u00dcrzig Ehemaliges Weingut mit Moselblick, ideal f\u00fcr 6-8 Personen 120 m\u00b2 Wohnfl\u00e4che 4 Schlafzimmer mit Doppelbetten Loggia mit direktem Moselblick Alle R\u00e4ume mit hohen Decken 3 Badezimmer Parkplatz Voll ausgestattete K\u00fcche Kostenfreies W-LAN Fernsehen mit SAT-TV Ihr Feriendomizil verf\u00fcgt \u00fcber 4 Schlafzimmer, 3 Badezimmer, komplett ausgestattete moderne K\u00fcche, Wohnzimmer mit Couch, gro\u00dfem [&hellip;]","og_url":"https:\/\/www.ferienhausmosel.eu\/en\/ferienhaus-uerzig-vinum\/","og_site_name":"Ferienhaus Mosel","article_publisher":"https:\/\/www.facebook.com\/moselferienhaus","article_modified_time":"2025-12-07T11:01:20+00:00","og_image":[{"url":"https:\/\/www.ferienhausmosel.eu\/wp-content\/uploads\/2025\/11\/300_7428_r2-300x199.jpg","type":"","width":"","height":""}],"twitter_misc":{"Estimated reading time":"2 minutes"},"schema":{"@context":"https:\/\/schema.org","@graph":[{"@type":"WebPage","@id":"https:\/\/www.ferienhausmosel.eu\/ferienhaus-uerzig-vinum\/","url":"https:\/\/www.ferienhausmosel.eu\/ferienhaus-uerzig-vinum\/","name":"Ferienhaus Vinum in Uerzig - Ferienhaus Mosel","isPartOf":{"@id":"https:\/\/www.ferienhausmosel.eu\/#website"},"primaryImageOfPage":{"@id":"https:\/\/www.ferienhausmosel.eu\/ferienhaus-uerzig-vinum\/#primaryimage"},"image":{"@id":"https:\/\/www.ferienhausmosel.eu\/ferienhaus-uerzig-vinum\/#primaryimage"},"thumbnailUrl":"https:\/\/www.ferienhausmosel.eu\/wp-content\/uploads\/2025\/11\/300_7428_r2-300x199.jpg","datePublished":"2016-07-03T15:46:59+00:00","dateModified":"2025-12-07T11:01:20+00:00","breadcrumb":{"@id":"https:\/\/www.ferienhausmosel.eu\/ferienhaus-uerzig-vinum\/#breadcrumb"},"inLanguage":"en-GB","potentialAction":[{"@type":"ReadAction","target":["https:\/\/www.ferienhausmosel.eu\/ferienhaus-uerzig-vinum\/"]}]},{"@type":"ImageObject","inLanguage":"en-GB","@id":"https:\/\/www.ferienhausmosel.eu\/ferienhaus-uerzig-vinum\/#primaryimage","url":"https:\/\/www.ferienhausmosel.eu\/wp-content\/uploads\/2025\/11\/300_7428_r2-300x199.jpg","contentUrl":"https:\/\/www.ferienhausmosel.eu\/wp-content\/uploads\/2025\/11\/300_7428_r2-300x199.jpg"},{"@type":"BreadcrumbList","@id":"https:\/\/www.ferienhausmosel.eu\/ferienhaus-uerzig-vinum\/#breadcrumb","itemListElement":[{"@type":"ListItem","position":1,"name":"Home","item":"https:\/\/www.ferienhausmosel.eu\/"},{"@type":"ListItem","position":2,"name":"Ferienhaus Vinum in Uerzig"}]},{"@type":"WebSite","@id":"https:\/\/www.ferienhausmosel.eu\/#website","url":"https:\/\/www.ferienhausmosel.eu\/","name":"Holiday house Moselle","description":"The cottages in \u00dcrzig and Zeltingen with the special charm","potentialAction":[{"@type":"SearchAction","target":{"@type":"EntryPoint","urlTemplate":"https:\/\/www.ferienhausmosel.eu\/?s={search_term_string}"},"query-input":{"@type":"PropertyValueSpecification","valueRequired":true,"valueName":"search_term_string"}}],"inLanguage":"en-GB"}]}},"_links":{"self":[{"href":"https:\/\/www.ferienhausmosel.eu\/en\/wp-json\/wp\/v2\/pages\/3126","targetHints":{"allow":["GET"]}}],"collection":[{"href":"https:\/\/www.ferienhausmosel.eu\/en\/wp-json\/wp\/v2\/pages"}],"about":[{"href":"https:\/\/www.ferienhausmosel.eu\/en\/wp-json\/wp\/v2\/types\/page"}],"author":[{"embeddable":true,"href":"https:\/\/www.ferienhausmosel.eu\/en\/wp-json\/wp\/v2\/users\/1"}],"replies":[{"embeddable":true,"href":"https:\/\/www.ferienhausmosel.eu\/en\/wp-json\/wp\/v2\/comments?post=3126"}],"version-history":[{"count":47,"href":"https:\/\/www.ferienhausmosel.eu\/en\/wp-json\/wp\/v2\/pages\/3126\/revisions"}],"predecessor-version":[{"id":3895,"href":"https:\/\/www.ferienhausmosel.eu\/en\/wp-json\/wp\/v2\/pages\/3126\/revisions\/3895"}],"wp:attachment":[{"href":"https:\/\/www.ferienhausmosel.eu\/en\/wp-json\/wp\/v2\/media?parent=3126"}],"curies":[{"name":"wp","href":"https:\/\/api.w.org\/{rel}","templated":true}]}}