{"id":1180,"date":"2014-06-16T01:07:06","date_gmt":"2014-06-16T00:07:06","guid":{"rendered":"http:\/\/www.mobilcheck.eu\/?page_id=1180"},"modified":"2017-03-30T08:50:33","modified_gmt":"2017-03-30T07:50:33","slug":"impressum","status":"publish","type":"page","link":"https:\/\/www.ferienhausmosel.eu\/fr\/impressum\/","title":{"rendered":"imprimer"},"content":{"rendered":"<h1 style=\"color: #1d6587;\">imprimer<\/h1>\n<p><strong>Selon \u00a7 5 TMG:<\/strong><br \/>\n<span class=\"bf_label\">Christiana<\/span> <span class=\"bf_label\">Comes-Limbach<br \/>\n<\/span><span class=\"bf_label\">H\u00fcwel 8<br \/>\n<\/span><span class=\"bf_label\">54539<\/span>\u00a0Mignonne<span class=\"bf_label\"><br \/>\n<\/span><\/p>\n<p><strong>Contact:<\/strong><br \/>\nT\u00e9l\u00e9phone:\u00a0<span class=\"bf_label\">+49<\/span>\u00a0177 6033668<span class=\"bf_label\"><br \/>\n<\/span><span class=\"bf_label\">Email: <a href=\"mailto:info@ferienhausmosel.eu\">info@ferienhausmosel.eu<\/a><\/span><\/p>\n<h1 style=\"color: #1d6587;\">Clause de non-responsabilit\u00e9 \/ exclusion de responsabilit\u00e9:<\/h1>\n<h2 style=\"color: #1d6587;\">Responsabilit\u00e9 pour le contenu<\/h2>\n<p style=\"color: #444444;\">Le contenu de nos pages a \u00e9t\u00e9 cr\u00e9\u00e9 avec le plus grand soin. Cependant, nous d\u00e9clinons toute responsabilit\u00e9 quant \u00e0 l&#039;exactitude, l&#039;exhaustivit\u00e9 et l&#039;actualit\u00e9 du contenu. En tant que fournisseur de services, nous sommes responsables de notre propre contenu sur ces pages conform\u00e9ment \u00e0 la loi g\u00e9n\u00e9rale conform\u00e9ment \u00e0 la section 7 (1) TMG. Selon les \u00a7\u00a7 8 \u00e0 10 TMG, en tant que fournisseur de services, nous ne sommes pas oblig\u00e9s de surveiller les informations de tiers transmises ou stock\u00e9es ou d&#039;enqu\u00eater sur les circonstances qui indiquent une activit\u00e9 ill\u00e9gale. Les obligations de supprimer ou de bloquer l&#039;utilisation des informations conform\u00e9ment \u00e0 la loi g\u00e9n\u00e9rale ne sont pas affect\u00e9es. La responsabilit\u00e9 \u00e0 cet \u00e9gard n&#039;est possible qu&#039;\u00e0 partir du moment o\u00f9 nous prenons connaissance d&#039;une violation de la loi sp\u00e9cifique. D\u00e8s que nous aurons connaissance de telles violations de la loi, nous supprimerons ce contenu imm\u00e9diatement.<\/p>\n<h2 style=\"color: #1d6587;\">Responsabilit\u00e9 pour les liens<\/h2>\n<p style=\"color: #444444;\">Notre offre contient des liens vers des sites Web tiers externes sur le contenu desquels nous n&#039;avons aucune influence. Par cons\u00e9quent, nous ne pouvons accepter aucune responsabilit\u00e9 pour ce contenu tiers. Le fournisseur ou l&#039;exploitant respectif des pages est toujours responsable du contenu des pages li\u00e9es. Les pages li\u00e9es ont \u00e9t\u00e9 v\u00e9rifi\u00e9es pour d&#039;\u00e9ventuelles violations de la loi au moment o\u00f9 elles ont \u00e9t\u00e9 li\u00e9es. Aucun contenu ill\u00e9gal n&#039;a \u00e9t\u00e9 trouv\u00e9 au moment de la cr\u00e9ation du lien. Un contr\u00f4le permanent du contenu des pages li\u00e9es n&#039;est pas raisonnable sans preuve concr\u00e8te d&#039;une violation de la loi. Si nous prenons connaissance de violations de la loi, nous supprimerons ces liens imm\u00e9diatement.<\/p>\n<h2 style=\"color: #1d6587;\">droits d&#039;auteur<\/h2>\n<p style=\"color: #444444;\">Le contenu et les travaux de ces pages cr\u00e9\u00e9s par l&#039;exploitant du site Web sont soumis au droit d&#039;auteur allemand. La duplication, le traitement, la distribution et tout type d&#039;exploitation en dehors des limites du droit d&#039;auteur n\u00e9cessitent le consentement \u00e9crit de l&#039;auteur ou du cr\u00e9ateur respectif. Les t\u00e9l\u00e9chargements et copies de ce site Web ne sont autoris\u00e9s que pour un usage priv\u00e9 et non commercial. Dans la mesure o\u00f9 le contenu de ce site n&#039;a pas \u00e9t\u00e9 cr\u00e9\u00e9 par l&#039;exploitant, les droits d&#039;auteur de tiers sont respect\u00e9s. En particulier, les contenus de tiers sont signal\u00e9s comme tels. Si vous avez n\u00e9anmoins connaissance d&#039;une violation du droit d&#039;auteur, nous vous demandons de nous en informer. D\u00e8s que nous aurons connaissance de violations de la loi, nous supprimerons imm\u00e9diatement ce contenu.<\/p>","protected":false},"excerpt":{"rendered":"<p>Impressum Angaben gem\u00e4\u00df \u00a7 5 TMG: Christiana Comes-Limbach H\u00fcwel 8 54539\u00a0\u00dcrzig Kontakt: Telefon:\u00a0+49\u00a0177 6033668 E-Mail: info@ferienhausmosel.eu Disclaimer \/ Haftungsausschluss: Haftung f\u00fcr Inhalte Die Inhalte unserer Seiten wurden mit gr\u00f6\u00dfter Sorgfalt erstellt. F\u00fcr die Richtigkeit, Vollst\u00e4ndigkeit und Aktualit\u00e4t der Inhalte k\u00f6nnen wir jedoch keine Gew\u00e4hr \u00fcbernehmen. Als Diensteanbieter sind wir gem\u00e4\u00df \u00a7 7 Abs.1 TMG f\u00fcr [&hellip;]<\/p>\n","protected":false},"author":1,"featured_media":0,"parent":0,"menu_order":0,"comment_status":"closed","ping_status":"closed","template":"","meta":{"footnotes":""},"class_list":["post-1180","page","type-page","status-publish","hentry"],"yoast_head":"<!-- This site is optimized with the Yoast SEO plugin v27.2 - https:\/\/yoast.com\/product\/yoast-seo-wordpress\/ -->\n<title>Impressum - Ferienhaus Mosel<\/title>\n<meta name=\"robots\" content=\"index, follow, max-snippet:-1, max-image-preview:large, max-video-preview:-1\" \/>\n<link rel=\"canonical\" href=\"https:\/\/www.ferienhausmosel.eu\/fr\/impressum\/\" \/>\n<meta property=\"og:locale\" content=\"fr_FR\" \/>\n<meta property=\"og:type\" content=\"article\" \/>\n<meta property=\"og:title\" content=\"Impressum - Ferienhaus Mosel\" \/>\n<meta property=\"og:description\" content=\"Impressum Angaben gem\u00e4\u00df \u00a7 5 TMG: Christiana Comes-Limbach H\u00fcwel 8 54539\u00a0\u00dcrzig Kontakt: Telefon:\u00a0+49\u00a0177 6033668 E-Mail: info@ferienhausmosel.eu Disclaimer \/ Haftungsausschluss: Haftung f\u00fcr Inhalte Die Inhalte unserer Seiten wurden mit gr\u00f6\u00dfter Sorgfalt erstellt. F\u00fcr die Richtigkeit, Vollst\u00e4ndigkeit und Aktualit\u00e4t der Inhalte k\u00f6nnen wir jedoch keine Gew\u00e4hr \u00fcbernehmen. Als Diensteanbieter sind wir gem\u00e4\u00df \u00a7 7 Abs.1 TMG f\u00fcr [&hellip;]\" \/>\n<meta property=\"og:url\" content=\"https:\/\/www.ferienhausmosel.eu\/fr\/impressum\/\" \/>\n<meta property=\"og:site_name\" content=\"Ferienhaus Mosel\" \/>\n<meta property=\"article:publisher\" content=\"https:\/\/www.facebook.com\/moselferienhaus\" \/>\n<meta property=\"article:modified_time\" content=\"2017-03-30T07:50:33+00:00\" \/>\n<meta name=\"twitter:label1\" content=\"Dur\u00e9e de lecture estim\u00e9e\" \/>\n\t<meta name=\"twitter:data1\" content=\"2 minutes\" \/>\n<script type=\"application\/ld+json\" class=\"yoast-schema-graph\">{\"@context\":\"https:\/\/schema.org\",\"@graph\":[{\"@type\":\"WebPage\",\"@id\":\"https:\/\/www.ferienhausmosel.eu\/en\/impressum\/\",\"url\":\"https:\/\/www.ferienhausmosel.eu\/en\/impressum\/\",\"name\":\"Impressum - Ferienhaus Mosel\",\"isPartOf\":{\"@id\":\"https:\/\/www.ferienhausmosel.eu\/#website\"},\"datePublished\":\"2014-06-16T00:07:06+00:00\",\"dateModified\":\"2017-03-30T07:50:33+00:00\",\"breadcrumb\":{\"@id\":\"https:\/\/www.ferienhausmosel.eu\/en\/impressum\/#breadcrumb\"},\"inLanguage\":\"fr-FR\",\"potentialAction\":[{\"@type\":\"ReadAction\",\"target\":[\"https:\/\/www.ferienhausmosel.eu\/en\/impressum\/\"]}]},{\"@type\":\"BreadcrumbList\",\"@id\":\"https:\/\/www.ferienhausmosel.eu\/en\/impressum\/#breadcrumb\",\"itemListElement\":[{\"@type\":\"ListItem\",\"position\":1,\"name\":\"Home\",\"item\":\"https:\/\/www.ferienhausmosel.eu\/\"},{\"@type\":\"ListItem\",\"position\":2,\"name\":\"Impressum\"}]},{\"@type\":\"WebSite\",\"@id\":\"https:\/\/www.ferienhausmosel.eu\/#website\",\"url\":\"https:\/\/www.ferienhausmosel.eu\/\",\"name\":\"Ferienhaus Mosel\",\"description\":\"Die Ferienh\u00e4user in \u00dcrzig und Zeltingen mit dem besonderen Charme\",\"potentialAction\":[{\"@type\":\"SearchAction\",\"target\":{\"@type\":\"EntryPoint\",\"urlTemplate\":\"https:\/\/www.ferienhausmosel.eu\/?s={search_term_string}\"},\"query-input\":{\"@type\":\"PropertyValueSpecification\",\"valueRequired\":true,\"valueName\":\"search_term_string\"}}],\"inLanguage\":\"fr-FR\"}]}<\/script>\n<!-- \/ Yoast SEO plugin. -->","yoast_head_json":{"title":"Impressum - Ferienhaus Mosel","robots":{"index":"index","follow":"follow","max-snippet":"max-snippet:-1","max-image-preview":"max-image-preview:large","max-video-preview":"max-video-preview:-1"},"canonical":"https:\/\/www.ferienhausmosel.eu\/fr\/impressum\/","og_locale":"fr_FR","og_type":"article","og_title":"Impressum - Ferienhaus Mosel","og_description":"Impressum Angaben gem\u00e4\u00df \u00a7 5 TMG: Christiana Comes-Limbach H\u00fcwel 8 54539\u00a0\u00dcrzig Kontakt: Telefon:\u00a0+49\u00a0177 6033668 E-Mail: info@ferienhausmosel.eu Disclaimer \/ Haftungsausschluss: Haftung f\u00fcr Inhalte Die Inhalte unserer Seiten wurden mit gr\u00f6\u00dfter Sorgfalt erstellt. F\u00fcr die Richtigkeit, Vollst\u00e4ndigkeit und Aktualit\u00e4t der Inhalte k\u00f6nnen wir jedoch keine Gew\u00e4hr \u00fcbernehmen. Als Diensteanbieter sind wir gem\u00e4\u00df \u00a7 7 Abs.1 TMG f\u00fcr [&hellip;]","og_url":"https:\/\/www.ferienhausmosel.eu\/fr\/impressum\/","og_site_name":"Ferienhaus Mosel","article_publisher":"https:\/\/www.facebook.com\/moselferienhaus","article_modified_time":"2017-03-30T07:50:33+00:00","twitter_misc":{"Dur\u00e9e de lecture estim\u00e9e":"2 minutes"},"schema":{"@context":"https:\/\/schema.org","@graph":[{"@type":"WebPage","@id":"https:\/\/www.ferienhausmosel.eu\/en\/impressum\/","url":"https:\/\/www.ferienhausmosel.eu\/en\/impressum\/","name":"Impressum - Ferienhaus Mosel","isPartOf":{"@id":"https:\/\/www.ferienhausmosel.eu\/#website"},"datePublished":"2014-06-16T00:07:06+00:00","dateModified":"2017-03-30T07:50:33+00:00","breadcrumb":{"@id":"https:\/\/www.ferienhausmosel.eu\/en\/impressum\/#breadcrumb"},"inLanguage":"fr-FR","potentialAction":[{"@type":"ReadAction","target":["https:\/\/www.ferienhausmosel.eu\/en\/impressum\/"]}]},{"@type":"BreadcrumbList","@id":"https:\/\/www.ferienhausmosel.eu\/en\/impressum\/#breadcrumb","itemListElement":[{"@type":"ListItem","position":1,"name":"Home","item":"https:\/\/www.ferienhausmosel.eu\/"},{"@type":"ListItem","position":2,"name":"Impressum"}]},{"@type":"WebSite","@id":"https:\/\/www.ferienhausmosel.eu\/#website","url":"https:\/\/www.ferienhausmosel.eu\/","name":"Maison de vacances Moselle","description":"Les maisons de vacances \u00e0 \u00dcrzig et Zeltingen avec un charme particulier","potentialAction":[{"@type":"SearchAction","target":{"@type":"EntryPoint","urlTemplate":"https:\/\/www.ferienhausmosel.eu\/?s={search_term_string}"},"query-input":{"@type":"PropertyValueSpecification","valueRequired":true,"valueName":"search_term_string"}}],"inLanguage":"fr-FR"}]}},"_links":{"self":[{"href":"https:\/\/www.ferienhausmosel.eu\/fr\/wp-json\/wp\/v2\/pages\/1180","targetHints":{"allow":["GET"]}}],"collection":[{"href":"https:\/\/www.ferienhausmosel.eu\/fr\/wp-json\/wp\/v2\/pages"}],"about":[{"href":"https:\/\/www.ferienhausmosel.eu\/fr\/wp-json\/wp\/v2\/types\/page"}],"author":[{"embeddable":true,"href":"https:\/\/www.ferienhausmosel.eu\/fr\/wp-json\/wp\/v2\/users\/1"}],"replies":[{"embeddable":true,"href":"https:\/\/www.ferienhausmosel.eu\/fr\/wp-json\/wp\/v2\/comments?post=1180"}],"version-history":[{"count":14,"href":"https:\/\/www.ferienhausmosel.eu\/fr\/wp-json\/wp\/v2\/pages\/1180\/revisions"}],"predecessor-version":[{"id":3483,"href":"https:\/\/www.ferienhausmosel.eu\/fr\/wp-json\/wp\/v2\/pages\/1180\/revisions\/3483"}],"wp:attachment":[{"href":"https:\/\/www.ferienhausmosel.eu\/fr\/wp-json\/wp\/v2\/media?parent=1180"}],"curies":[{"name":"wp","href":"https:\/\/api.w.org\/{rel}","templated":true}]}}