{"id":3128,"date":"2016-07-03T16:47:37","date_gmt":"2016-07-03T15:47:37","guid":{"rendered":"http:\/\/www.ferienhaus-mosel.info\/?page_id=3128"},"modified":"2024-08-26T13:04:53","modified_gmt":"2024-08-26T12:04:53","slug":"moselblick-uerzig","status":"publish","type":"page","link":"https:\/\/www.ferienhausmosel.eu\/fr\/moselblick-uerzig\/","title":{"rendered":"La grande maison de vacances &quot;Moselblick&quot; \u00e0 \u00dcrzig"},"content":{"rendered":"<h1 style=\"margin-bottom: 10px !important;\">Maison de vacances Moselblick \u00e0 \u00dcrzig<\/h1>\n<h4 style=\"margin-top: 10px !important; margin-bottom: 33px !important;\">Ideal f\u00fcr 4-8 Personen, unverbauter Moselblick, Wintergarten<\/h4>\n<p><span><img loading=\"lazy\" decoding=\"async\" alt=\"\" data-id=\"3856\" width=\"2560\" height=\"1920\" title=\"WiGa-2\" src=\"https:\/\/ferienhausmosel.eu\/wp-content\/uploads\/2024\/08\/WiGa-2-300x225.jpg\" data-src=\"https:\/\/ferienhausmosel.eu\/wp-content\/uploads\/2024\/08\/WiGa-2-1024x768.jpg\" data-sizes=\"{&quot;thumbnail&quot;:{&quot;height&quot;:150,&quot;width&quot;:150,&quot;url&quot;:&quot;https:\/\/ferienhausmosel.eu\/wp-content\/uploads\/2024\/08\/WiGa-2-150x150.jpg&quot;,&quot;orientation&quot;:&quot;landscape&quot;},&quot;medium&quot;:{&quot;height&quot;:225,&quot;width&quot;:300,&quot;url&quot;:&quot;https:\/\/ferienhausmosel.eu\/wp-content\/uploads\/2024\/08\/WiGa-2-300x225.jpg&quot;,&quot;orientation&quot;:&quot;landscape&quot;},&quot;large&quot;:{&quot;height&quot;:768,&quot;width&quot;:1024,&quot;url&quot;:&quot;https:\/\/ferienhausmosel.eu\/wp-content\/uploads\/2024\/08\/WiGa-2-1024x768.jpg&quot;,&quot;orientation&quot;:&quot;landscape&quot;},&quot;trp-custom-language-flag&quot;:{&quot;height&quot;:12,&quot;width&quot;:16,&quot;url&quot;:&quot;https:\/\/ferienhausmosel.eu\/wp-content\/uploads\/2024\/08\/WiGa-2-16x12.jpg&quot;,&quot;orientation&quot;:&quot;landscape&quot;},&quot;full&quot;:{&quot;url&quot;:&quot;https:\/\/ferienhausmosel.eu\/wp-content\/uploads\/2024\/08\/WiGa-2-scaled.jpg&quot;,&quot;height&quot;:1920,&quot;width&quot;:2560,&quot;orientation&quot;:&quot;landscape&quot;}}\" style=\"\"><\/span><span><img loading=\"lazy\" decoding=\"async\" alt=\"\" data-id=\"3214\" width=\"1024\" height=\"768\" title=\"9b14adfe-4a39-464b-aee9-04ce51fb056d.1.10\" src=\"https:\/\/ferienhausmosel.eu\/wp-content\/uploads\/2016\/08\/9b14adfe-4a39-464b-aee9-04ce51fb056d.1.10-300x225.jpg\" data-src=\"https:\/\/ferienhausmosel.eu\/wp-content\/uploads\/2016\/08\/9b14adfe-4a39-464b-aee9-04ce51fb056d.1.10.jpg\" data-sizes=\"{&quot;thumbnail&quot;:{&quot;height&quot;:113,&quot;width&quot;:150,&quot;url&quot;:&quot;https:\/\/ferienhausmosel.eu\/wp-content\/uploads\/2016\/08\/9b14adfe-4a39-464b-aee9-04ce51fb056d.1.10-150x113.jpg&quot;,&quot;orientation&quot;:&quot;landscape&quot;},&quot;medium&quot;:{&quot;height&quot;:225,&quot;width&quot;:300,&quot;url&quot;:&quot;https:\/\/ferienhausmosel.eu\/wp-content\/uploads\/2016\/08\/9b14adfe-4a39-464b-aee9-04ce51fb056d.1.10-300x225.jpg&quot;,&quot;orientation&quot;:&quot;landscape&quot;},&quot;full&quot;:{&quot;url&quot;:&quot;https:\/\/ferienhausmosel.eu\/wp-content\/uploads\/2016\/08\/9b14adfe-4a39-464b-aee9-04ce51fb056d.1.10.jpg&quot;,&quot;height&quot;:768,&quot;width&quot;:1024,&quot;orientation&quot;:&quot;landscape&quot;}}\" style=\"\"><\/span><span><img loading=\"lazy\" decoding=\"async\" alt=\"\" data-id=\"3219\" width=\"1024\" height=\"768\" title=\"bfd015e4-9f42-4263-a01d-80dc62558955.1.10\" src=\"https:\/\/ferienhausmosel.eu\/wp-content\/uploads\/2016\/08\/bfd015e4-9f42-4263-a01d-80dc62558955.1.10-300x225.jpg\" data-src=\"https:\/\/ferienhausmosel.eu\/wp-content\/uploads\/2016\/08\/bfd015e4-9f42-4263-a01d-80dc62558955.1.10.jpg\" data-sizes=\"{&quot;thumbnail&quot;:{&quot;height&quot;:113,&quot;width&quot;:150,&quot;url&quot;:&quot;https:\/\/ferienhausmosel.eu\/wp-content\/uploads\/2016\/08\/bfd015e4-9f42-4263-a01d-80dc62558955.1.10-150x113.jpg&quot;,&quot;orientation&quot;:&quot;landscape&quot;},&quot;medium&quot;:{&quot;height&quot;:225,&quot;width&quot;:300,&quot;url&quot;:&quot;https:\/\/ferienhausmosel.eu\/wp-content\/uploads\/2016\/08\/bfd015e4-9f42-4263-a01d-80dc62558955.1.10-300x225.jpg&quot;,&quot;orientation&quot;:&quot;landscape&quot;},&quot;full&quot;:{&quot;url&quot;:&quot;https:\/\/ferienhausmosel.eu\/wp-content\/uploads\/2016\/08\/bfd015e4-9f42-4263-a01d-80dc62558955.1.10.jpg&quot;,&quot;height&quot;:768,&quot;width&quot;:1024,&quot;orientation&quot;:&quot;landscape&quot;}}\" style=\"\"><\/span><span><img loading=\"lazy\" decoding=\"async\" alt=\"\" data-id=\"3216\" width=\"511\" height=\"768\" title=\"960ccc48-c7e9-47db-b5c1-d2f9e99ac487.1.10\" src=\"https:\/\/ferienhausmosel.eu\/wp-content\/uploads\/2016\/08\/960ccc48-c7e9-47db-b5c1-d2f9e99ac487.1.10-200x300.jpg\" data-src=\"https:\/\/ferienhausmosel.eu\/wp-content\/uploads\/2016\/08\/960ccc48-c7e9-47db-b5c1-d2f9e99ac487.1.10.jpg\" data-sizes=\"{&quot;thumbnail&quot;:{&quot;height&quot;:150,&quot;width&quot;:150,&quot;url&quot;:&quot;https:\/\/ferienhausmosel.eu\/wp-content\/uploads\/2016\/08\/960ccc48-c7e9-47db-b5c1-d2f9e99ac487.1.10-150x150.jpg&quot;,&quot;orientation&quot;:&quot;landscape&quot;},&quot;medium&quot;:{&quot;height&quot;:300,&quot;width&quot;:200,&quot;url&quot;:&quot;https:\/\/ferienhausmosel.eu\/wp-content\/uploads\/2016\/08\/960ccc48-c7e9-47db-b5c1-d2f9e99ac487.1.10-200x300.jpg&quot;,&quot;orientation&quot;:&quot;portrait&quot;},&quot;full&quot;:{&quot;url&quot;:&quot;https:\/\/ferienhausmosel.eu\/wp-content\/uploads\/2016\/08\/960ccc48-c7e9-47db-b5c1-d2f9e99ac487.1.10.jpg&quot;,&quot;height&quot;:768,&quot;width&quot;:511,&quot;orientation&quot;:&quot;portrait&quot;}}\" style=\"\"><\/span><span><img loading=\"lazy\" decoding=\"async\" alt=\"\" data-id=\"3212\" width=\"1024\" height=\"768\" title=\"8bb05282-97c0-4178-9e27-0f5786f6366b.1.10\" src=\"https:\/\/ferienhausmosel.eu\/wp-content\/uploads\/2016\/08\/8bb05282-97c0-4178-9e27-0f5786f6366b.1.10-300x225.jpg\" data-src=\"https:\/\/ferienhausmosel.eu\/wp-content\/uploads\/2016\/08\/8bb05282-97c0-4178-9e27-0f5786f6366b.1.10.jpg\" data-sizes=\"{&quot;thumbnail&quot;:{&quot;height&quot;:150,&quot;width&quot;:150,&quot;url&quot;:&quot;https:\/\/ferienhausmosel.eu\/wp-content\/uploads\/2016\/08\/8bb05282-97c0-4178-9e27-0f5786f6366b.1.10-150x150.jpg&quot;,&quot;orientation&quot;:&quot;landscape&quot;},&quot;medium&quot;:{&quot;height&quot;:225,&quot;width&quot;:300,&quot;url&quot;:&quot;https:\/\/ferienhausmosel.eu\/wp-content\/uploads\/2016\/08\/8bb05282-97c0-4178-9e27-0f5786f6366b.1.10-300x225.jpg&quot;,&quot;orientation&quot;:&quot;landscape&quot;},&quot;full&quot;:{&quot;url&quot;:&quot;https:\/\/ferienhausmosel.eu\/wp-content\/uploads\/2016\/08\/8bb05282-97c0-4178-9e27-0f5786f6366b.1.10.jpg&quot;,&quot;height&quot;:768,&quot;width&quot;:1024,&quot;orientation&quot;:&quot;landscape&quot;}}\" style=\"\"><\/span><span><img loading=\"lazy\" decoding=\"async\" alt=\"\" data-id=\"3215\" width=\"1024\" height=\"768\" title=\"25d94d7e-719b-4cda-87c8-18f9fb453c1a.1.10\" src=\"https:\/\/ferienhausmosel.eu\/wp-content\/uploads\/2016\/08\/25d94d7e-719b-4cda-87c8-18f9fb453c1a.1.10-300x225.jpg\" data-src=\"https:\/\/ferienhausmosel.eu\/wp-content\/uploads\/2016\/08\/25d94d7e-719b-4cda-87c8-18f9fb453c1a.1.10.jpg\" data-sizes=\"{&quot;thumbnail&quot;:{&quot;height&quot;:150,&quot;width&quot;:150,&quot;url&quot;:&quot;https:\/\/ferienhausmosel.eu\/wp-content\/uploads\/2016\/08\/25d94d7e-719b-4cda-87c8-18f9fb453c1a.1.10-150x150.jpg&quot;,&quot;orientation&quot;:&quot;landscape&quot;},&quot;medium&quot;:{&quot;height&quot;:225,&quot;width&quot;:300,&quot;url&quot;:&quot;https:\/\/ferienhausmosel.eu\/wp-content\/uploads\/2016\/08\/25d94d7e-719b-4cda-87c8-18f9fb453c1a.1.10-300x225.jpg&quot;,&quot;orientation&quot;:&quot;landscape&quot;},&quot;full&quot;:{&quot;url&quot;:&quot;https:\/\/ferienhausmosel.eu\/wp-content\/uploads\/2016\/08\/25d94d7e-719b-4cda-87c8-18f9fb453c1a.1.10.jpg&quot;,&quot;height&quot;:768,&quot;width&quot;:1024,&quot;orientation&quot;:&quot;landscape&quot;}}\" style=\"\"><\/span><span><img loading=\"lazy\" decoding=\"async\" alt=\"\" data-id=\"3217\" width=\"1024\" height=\"768\" title=\"add72a43-2f43-4e36-95bb-42eab6918d01.1.10\" src=\"https:\/\/ferienhausmosel.eu\/wp-content\/uploads\/2016\/08\/add72a43-2f43-4e36-95bb-42eab6918d01.1.10-300x225.jpg\" data-src=\"https:\/\/ferienhausmosel.eu\/wp-content\/uploads\/2016\/08\/add72a43-2f43-4e36-95bb-42eab6918d01.1.10.jpg\" data-sizes=\"{&quot;thumbnail&quot;:{&quot;height&quot;:150,&quot;width&quot;:150,&quot;url&quot;:&quot;https:\/\/ferienhausmosel.eu\/wp-content\/uploads\/2016\/08\/add72a43-2f43-4e36-95bb-42eab6918d01.1.10-150x150.jpg&quot;,&quot;orientation&quot;:&quot;landscape&quot;},&quot;medium&quot;:{&quot;height&quot;:225,&quot;width&quot;:300,&quot;url&quot;:&quot;https:\/\/ferienhausmosel.eu\/wp-content\/uploads\/2016\/08\/add72a43-2f43-4e36-95bb-42eab6918d01.1.10-300x225.jpg&quot;,&quot;orientation&quot;:&quot;landscape&quot;},&quot;full&quot;:{&quot;url&quot;:&quot;https:\/\/ferienhausmosel.eu\/wp-content\/uploads\/2016\/08\/add72a43-2f43-4e36-95bb-42eab6918d01.1.10.jpg&quot;,&quot;height&quot;:768,&quot;width&quot;:1024,&quot;orientation&quot;:&quot;landscape&quot;}}\" style=\"\"><\/span><span><img loading=\"lazy\" decoding=\"async\" alt=\"\" data-id=\"3857\" width=\"2560\" height=\"1920\" title=\"WiGa\" src=\"https:\/\/ferienhausmosel.eu\/wp-content\/uploads\/2024\/08\/WiGa-300x225.jpg\" data-src=\"https:\/\/ferienhausmosel.eu\/wp-content\/uploads\/2024\/08\/WiGa-1024x768.jpg\" data-sizes=\"{&quot;thumbnail&quot;:{&quot;height&quot;:150,&quot;width&quot;:150,&quot;url&quot;:&quot;https:\/\/ferienhausmosel.eu\/wp-content\/uploads\/2024\/08\/WiGa-150x150.jpg&quot;,&quot;orientation&quot;:&quot;landscape&quot;},&quot;medium&quot;:{&quot;height&quot;:225,&quot;width&quot;:300,&quot;url&quot;:&quot;https:\/\/ferienhausmosel.eu\/wp-content\/uploads\/2024\/08\/WiGa-300x225.jpg&quot;,&quot;orientation&quot;:&quot;landscape&quot;},&quot;large&quot;:{&quot;height&quot;:768,&quot;width&quot;:1024,&quot;url&quot;:&quot;https:\/\/ferienhausmosel.eu\/wp-content\/uploads\/2024\/08\/WiGa-1024x768.jpg&quot;,&quot;orientation&quot;:&quot;landscape&quot;},&quot;trp-custom-language-flag&quot;:{&quot;height&quot;:12,&quot;width&quot;:16,&quot;url&quot;:&quot;https:\/\/ferienhausmosel.eu\/wp-content\/uploads\/2024\/08\/WiGa-16x12.jpg&quot;,&quot;orientation&quot;:&quot;landscape&quot;},&quot;full&quot;:{&quot;url&quot;:&quot;https:\/\/ferienhausmosel.eu\/wp-content\/uploads\/2024\/08\/WiGa-scaled.jpg&quot;,&quot;height&quot;:1920,&quot;width&quot;:2560,&quot;orientation&quot;:&quot;landscape&quot;}}\" style=\"\"><\/span><span><img loading=\"lazy\" decoding=\"async\" alt=\"\" data-id=\"3218\" width=\"1024\" height=\"768\" title=\"ba1daa2e-36f8-4969-ba8b-b65f19b545d6.1.10\" src=\"https:\/\/ferienhausmosel.eu\/wp-content\/uploads\/2016\/08\/ba1daa2e-36f8-4969-ba8b-b65f19b545d6.1.10-300x225.jpg\" data-src=\"https:\/\/ferienhausmosel.eu\/wp-content\/uploads\/2016\/08\/ba1daa2e-36f8-4969-ba8b-b65f19b545d6.1.10.jpg\" data-sizes=\"{&quot;thumbnail&quot;:{&quot;height&quot;:150,&quot;width&quot;:150,&quot;url&quot;:&quot;https:\/\/ferienhausmosel.eu\/wp-content\/uploads\/2016\/08\/ba1daa2e-36f8-4969-ba8b-b65f19b545d6.1.10-150x150.jpg&quot;,&quot;orientation&quot;:&quot;landscape&quot;},&quot;medium&quot;:{&quot;height&quot;:225,&quot;width&quot;:300,&quot;url&quot;:&quot;https:\/\/ferienhausmosel.eu\/wp-content\/uploads\/2016\/08\/ba1daa2e-36f8-4969-ba8b-b65f19b545d6.1.10-300x225.jpg&quot;,&quot;orientation&quot;:&quot;landscape&quot;},&quot;full&quot;:{&quot;url&quot;:&quot;https:\/\/ferienhausmosel.eu\/wp-content\/uploads\/2016\/08\/ba1daa2e-36f8-4969-ba8b-b65f19b545d6.1.10.jpg&quot;,&quot;height&quot;:768,&quot;width&quot;:1024,&quot;orientation&quot;:&quot;landscape&quot;}}\" style=\"\"><\/span><span><img decoding=\"async\" alt=\"\" data-id=\"3220\" width=\"\" height=\"\" title=\"eb02a18e-f146-4656-8ca6-75edefc0b6bd.1.10\" src=\"https:\/\/ferienhausmosel.eu\/wp-content\/uploads\/2016\/08\/eb02a18e-f146-4656-8ca6-75edefc0b6bd.1.10.jpg\" data-src=\"https:\/\/ferienhausmosel.eu\/wp-content\/uploads\/2016\/08\/eb02a18e-f146-4656-8ca6-75edefc0b6bd.1.10.jpg\" loading=\"lazy\" data-sizes=\"{&quot;full&quot;:{&quot;url&quot;:&quot;https:\/\/ferienhausmosel.eu\/wp-content\/uploads\/2016\/08\/eb02a18e-f146-4656-8ca6-75edefc0b6bd.1.10.jpg&quot;}}\" style=\"\"><\/span><\/p>\n<ul>\n<li>110 m\u00b2 habitables<\/li>\n<li>4 chambres avec lits doubles<\/li>\n<li>Wohnzimmer&nbsp;<\/li>\n<li>Salle \u00e0 manger avec 14 si\u00e8ges<\/li>\n<li>Chaise haute disponible<\/li>\n<li>3 salles de bain<\/li>\n<li>place de stationnement<\/li>\n<li>Cuisine enti\u00e8rement \u00e9quip\u00e9e<\/li>\n<li>Wifi gratuit<\/li>\n<li>Fernsehen mit SAT-TV<\/li>\n<li>Babyfoot<\/li>\n<li>Service de pain<\/li>\n<\/ul>\n<p style=\"margin-bottom: 15px !important; margin-top: 20px !important;\">Genie\u00dfen Sie die freundliche und pers\u00f6nliche Atmosph\u00e4re unseres liebevoll eingerichteten Ferienhauses. Das Haus bietet einer Gruppe Reisender mit maximal 8 Personen die M\u00f6glichkeit, komfortabel zu wohnen und in reizvoller Umgebung vielf\u00e4ltige Freizeitaktivit\u00e4ten zu erleben. Das Ferienhaus befindet sich in einer typischen Dorfgasse ohne Durchgangsverkehr (Sackgasse). Es besitzt f\u00fcr die G\u00e4ste einen eigenen Parkplatz direkt neben dem Haus, weitere Parkpl\u00e4tze fu\u00dfl\u00e4ufig erreichbar.<\/p>\n<p style=\"margin-bottom: 15px !important;\">Au rez-de-chauss\u00e9e il y a un salon avec un canap\u00e9, un fauteuil relax, une t\u00e9l\u00e9vision avec satellite, une radio et une cha\u00eene st\u00e9r\u00e9o. De m\u00eame, une salle \u00e0 manger et une cuisine enti\u00e8rement \u00e9quip\u00e9e avec des si\u00e8ges. Un lave-linge est \u00e9galement disponible dans la salle de bains.<\/p>\n<p style=\"margin-bottom: 15px !important;\">Le point culminant est le jardin d&#039;hiver avec une vue d\u00e9gag\u00e9e et directe sur la Moselle.A l&#039;\u00e9tage sup\u00e9rieur, il y a 3 chambres doubles dont deux avec vue sur la Moselle et une douche \/ WC s\u00e9par\u00e9. Une autre chambre a un lit de 140 cm de large.<\/p>\n<p style=\"margin-bottom: 15px !important;\">Ein h\u00fcbscher kleiner Garten mit Sitzgelegenheit und der M\u00f6glichkeit zum Grillen l\u00e4dt zum Verweilen ein. Ihre Fahrr\u00e4der k\u00f6nnen Sie bequem im Keller unterstellen. Im Ort finden Sie einen B\u00e4cker mit kleinem Supermarkt, Metzger, Tankstelle, Bank, Arzt und zahlreiche Restaurants. Genie\u00dfen Sie die Abende in einer gem\u00fctlichen Strau\u00dfwirtschaft. Viele Winzer bieten vor Ort Weinproben an. Sprechen Sie uns an. Wir organisieren gerne eine Weinprobe im Gew\u00f6lbekeller f\u00fcr Sie.<\/p>\n<p style=\"margin-bottom: 15px !important;\">Dans les mois d&#039;ao\u00fbt, septembre et octobre notamment, de nombreuses f\u00eates du vin et de rue se d\u00e9roulent le long de la Moyenne Moselle. Ici, vous pouvez faire connaissance avec les gens, le vin et la cuisine mosellane. En d\u00e9cembre, vous pouvez visiter le march\u00e9 de No\u00ebl dans la vieille ville historique de Tr\u00e8ves, Bernkastel-Kues et Traben-Trarbach.<\/p>\n<p style=\"margin-bottom: 15px !important;\">Commencez vos activit\u00e9s de loisirs toute l&#039;ann\u00e9e depuis \u00dcrzig. Des sentiers de randonn\u00e9e et des pistes cyclables traversent les vignobles. De l\u00e0, vous pouvez faire des excursions d&#039;une journ\u00e9e \u00e0 Bernkastel-Kues, Cochem, ch\u00e2teau d&#039;Eltz, Tr\u00e8ves, Coblence, Hunsr\u00fcck, Eifel, Luxembourg et de nombreuses autres destinations bien connues.<\/p>\n<p><span><\/span><\/p>\n<h4 style=\"margin-top: 5px !important; margin-bottom: 5px !important;\"><span style=\"font-size: 33px;\">\u00e0 partir de 1.155 \u20ac<\/span><\/h4>\n<p style=\"margin-bottom: 0px !important; margin-top: 0px !important;\">6 personnes \/ semaine<\/p>\n<h4>Sentez-vous comme chez vous dans cette grande maison d\u00e8s le premier instant<\/h4>\n<p>D\u00e8s le premier instant, nous nous sommes sentis \u00e0 l&#039;aise dans cette grande maison sur la Moselle. Le jardin d&#039;hiver avec sa grande table est l&#039;endroit id\u00e9al pour loger jusqu&#039;\u00e0 10 personnes. Certains appartements sont inconfortables malgr\u00e9 de nombreuses options de couchage, mais ici chacun a son propre petit empire.<\/p>\n<p>                <span>                    Invit\u00e9 dans la maison de vacances Moselblick                <\/span>&#8230;<span>                        Mignonne                    <\/span><\/p>","protected":false},"excerpt":{"rendered":"<p>Ferienhaus Moselblick in \u00dcrzig Ideal f\u00fcr 4-8 Personen, unverbauter Moselblick, Wintergarten 110 m\u00b2 Wohnfl\u00e4che 4 Schlafzimmer mit Doppelbetten Wohnzimmer&nbsp; Essbereich mit 14 Sitzgelegenheiten Kinderstuhl vorhanden 3 Badezimmer Parkplatz Voll ausgestattete K\u00fcche Kostenfreies W-LAN Fernsehen mit SAT-TV Tischfussball Br\u00f6tchenservice Genie\u00dfen Sie die freundliche und pers\u00f6nliche Atmosph\u00e4re unseres liebevoll eingerichteten Ferienhauses. Das Haus bietet einer Gruppe Reisender [&hellip;]<\/p>\n","protected":false},"author":1,"featured_media":0,"parent":0,"menu_order":0,"comment_status":"closed","ping_status":"closed","template":"","meta":{"footnotes":""},"class_list":["post-3128","page","type-page","status-publish","hentry"],"yoast_head":"<!-- This site is optimized with the Yoast SEO plugin v27.2 - https:\/\/yoast.com\/product\/yoast-seo-wordpress\/ -->\n<title>Das gro\u00dfe Ferienhaus &#8222;Moselblick&#8220; in \u00dcrzig - Ferienhaus Mosel<\/title>\n<meta name=\"robots\" content=\"index, follow, max-snippet:-1, max-image-preview:large, max-video-preview:-1\" \/>\n<link rel=\"canonical\" href=\"https:\/\/www.ferienhausmosel.eu\/fr\/moselblick-uerzig\/\" \/>\n<meta property=\"og:locale\" content=\"fr_FR\" \/>\n<meta property=\"og:type\" content=\"article\" \/>\n<meta property=\"og:title\" content=\"Das gro\u00dfe Ferienhaus &#8222;Moselblick&#8220; in \u00dcrzig - Ferienhaus Mosel\" \/>\n<meta property=\"og:description\" content=\"Ferienhaus Moselblick in \u00dcrzig Ideal f\u00fcr 4-8 Personen, unverbauter Moselblick, Wintergarten 110 m\u00b2 Wohnfl\u00e4che 4 Schlafzimmer mit Doppelbetten Wohnzimmer&nbsp; Essbereich mit 14 Sitzgelegenheiten Kinderstuhl vorhanden 3 Badezimmer Parkplatz Voll ausgestattete K\u00fcche Kostenfreies W-LAN Fernsehen mit SAT-TV Tischfussball Br\u00f6tchenservice Genie\u00dfen Sie die freundliche und pers\u00f6nliche Atmosph\u00e4re unseres liebevoll eingerichteten Ferienhauses. Das Haus bietet einer Gruppe Reisender [&hellip;]\" \/>\n<meta property=\"og:url\" content=\"https:\/\/www.ferienhausmosel.eu\/fr\/moselblick-uerzig\/\" \/>\n<meta property=\"og:site_name\" content=\"Ferienhaus Mosel\" \/>\n<meta property=\"article:publisher\" content=\"https:\/\/www.facebook.com\/moselferienhaus\" \/>\n<meta property=\"article:modified_time\" content=\"2024-08-26T12:04:53+00:00\" \/>\n<meta property=\"og:image\" content=\"https:\/\/ferienhausmosel.eu\/wp-content\/uploads\/2024\/08\/WiGa-2-300x225.jpg\" \/>\n<meta name=\"twitter:label1\" content=\"Dur\u00e9e de lecture estim\u00e9e\" \/>\n\t<meta name=\"twitter:data1\" content=\"2 minutes\" \/>\n<script type=\"application\/ld+json\" class=\"yoast-schema-graph\">{\"@context\":\"https:\/\/schema.org\",\"@graph\":[{\"@type\":\"WebPage\",\"@id\":\"https:\/\/www.ferienhausmosel.eu\/moselblick-uerzig\/\",\"url\":\"https:\/\/www.ferienhausmosel.eu\/moselblick-uerzig\/\",\"name\":\"Das gro\u00dfe Ferienhaus &#8222;Moselblick&#8220; in \u00dcrzig - Ferienhaus Mosel\",\"isPartOf\":{\"@id\":\"https:\/\/www.ferienhausmosel.eu\/#website\"},\"primaryImageOfPage\":{\"@id\":\"https:\/\/www.ferienhausmosel.eu\/moselblick-uerzig\/#primaryimage\"},\"image\":{\"@id\":\"https:\/\/www.ferienhausmosel.eu\/moselblick-uerzig\/#primaryimage\"},\"thumbnailUrl\":\"https:\/\/ferienhausmosel.eu\/wp-content\/uploads\/2024\/08\/WiGa-2-300x225.jpg\",\"datePublished\":\"2016-07-03T15:47:37+00:00\",\"dateModified\":\"2024-08-26T12:04:53+00:00\",\"breadcrumb\":{\"@id\":\"https:\/\/www.ferienhausmosel.eu\/moselblick-uerzig\/#breadcrumb\"},\"inLanguage\":\"fr-FR\",\"potentialAction\":[{\"@type\":\"ReadAction\",\"target\":[\"https:\/\/www.ferienhausmosel.eu\/moselblick-uerzig\/\"]}]},{\"@type\":\"ImageObject\",\"inLanguage\":\"fr-FR\",\"@id\":\"https:\/\/www.ferienhausmosel.eu\/moselblick-uerzig\/#primaryimage\",\"url\":\"https:\/\/ferienhausmosel.eu\/wp-content\/uploads\/2024\/08\/WiGa-2-300x225.jpg\",\"contentUrl\":\"https:\/\/ferienhausmosel.eu\/wp-content\/uploads\/2024\/08\/WiGa-2-300x225.jpg\"},{\"@type\":\"BreadcrumbList\",\"@id\":\"https:\/\/www.ferienhausmosel.eu\/moselblick-uerzig\/#breadcrumb\",\"itemListElement\":[{\"@type\":\"ListItem\",\"position\":1,\"name\":\"Home\",\"item\":\"https:\/\/www.ferienhausmosel.eu\/\"},{\"@type\":\"ListItem\",\"position\":2,\"name\":\"Das gro\u00dfe Ferienhaus &#8222;Moselblick&#8220; in \u00dcrzig\"}]},{\"@type\":\"WebSite\",\"@id\":\"https:\/\/www.ferienhausmosel.eu\/#website\",\"url\":\"https:\/\/www.ferienhausmosel.eu\/\",\"name\":\"Ferienhaus Mosel\",\"description\":\"Die Ferienh\u00e4user in \u00dcrzig und Zeltingen mit dem besonderen Charme\",\"potentialAction\":[{\"@type\":\"SearchAction\",\"target\":{\"@type\":\"EntryPoint\",\"urlTemplate\":\"https:\/\/www.ferienhausmosel.eu\/?s={search_term_string}\"},\"query-input\":{\"@type\":\"PropertyValueSpecification\",\"valueRequired\":true,\"valueName\":\"search_term_string\"}}],\"inLanguage\":\"fr-FR\"}]}<\/script>\n<!-- \/ Yoast SEO plugin. -->","yoast_head_json":{"title":"Das gro\u00dfe Ferienhaus &#8222;Moselblick&#8220; in \u00dcrzig - Ferienhaus Mosel","robots":{"index":"index","follow":"follow","max-snippet":"max-snippet:-1","max-image-preview":"max-image-preview:large","max-video-preview":"max-video-preview:-1"},"canonical":"https:\/\/www.ferienhausmosel.eu\/fr\/moselblick-uerzig\/","og_locale":"fr_FR","og_type":"article","og_title":"Das gro\u00dfe Ferienhaus &#8222;Moselblick&#8220; in \u00dcrzig - Ferienhaus Mosel","og_description":"Ferienhaus Moselblick in \u00dcrzig Ideal f\u00fcr 4-8 Personen, unverbauter Moselblick, Wintergarten 110 m\u00b2 Wohnfl\u00e4che 4 Schlafzimmer mit Doppelbetten Wohnzimmer&nbsp; Essbereich mit 14 Sitzgelegenheiten Kinderstuhl vorhanden 3 Badezimmer Parkplatz Voll ausgestattete K\u00fcche Kostenfreies W-LAN Fernsehen mit SAT-TV Tischfussball Br\u00f6tchenservice Genie\u00dfen Sie die freundliche und pers\u00f6nliche Atmosph\u00e4re unseres liebevoll eingerichteten Ferienhauses. Das Haus bietet einer Gruppe Reisender [&hellip;]","og_url":"https:\/\/www.ferienhausmosel.eu\/fr\/moselblick-uerzig\/","og_site_name":"Ferienhaus Mosel","article_publisher":"https:\/\/www.facebook.com\/moselferienhaus","article_modified_time":"2024-08-26T12:04:53+00:00","og_image":[{"url":"https:\/\/ferienhausmosel.eu\/wp-content\/uploads\/2024\/08\/WiGa-2-300x225.jpg","type":"","width":"","height":""}],"twitter_misc":{"Dur\u00e9e de lecture estim\u00e9e":"2 minutes"},"schema":{"@context":"https:\/\/schema.org","@graph":[{"@type":"WebPage","@id":"https:\/\/www.ferienhausmosel.eu\/moselblick-uerzig\/","url":"https:\/\/www.ferienhausmosel.eu\/moselblick-uerzig\/","name":"Das gro\u00dfe Ferienhaus &#8222;Moselblick&#8220; in \u00dcrzig - Ferienhaus Mosel","isPartOf":{"@id":"https:\/\/www.ferienhausmosel.eu\/#website"},"primaryImageOfPage":{"@id":"https:\/\/www.ferienhausmosel.eu\/moselblick-uerzig\/#primaryimage"},"image":{"@id":"https:\/\/www.ferienhausmosel.eu\/moselblick-uerzig\/#primaryimage"},"thumbnailUrl":"https:\/\/ferienhausmosel.eu\/wp-content\/uploads\/2024\/08\/WiGa-2-300x225.jpg","datePublished":"2016-07-03T15:47:37+00:00","dateModified":"2024-08-26T12:04:53+00:00","breadcrumb":{"@id":"https:\/\/www.ferienhausmosel.eu\/moselblick-uerzig\/#breadcrumb"},"inLanguage":"fr-FR","potentialAction":[{"@type":"ReadAction","target":["https:\/\/www.ferienhausmosel.eu\/moselblick-uerzig\/"]}]},{"@type":"ImageObject","inLanguage":"fr-FR","@id":"https:\/\/www.ferienhausmosel.eu\/moselblick-uerzig\/#primaryimage","url":"https:\/\/ferienhausmosel.eu\/wp-content\/uploads\/2024\/08\/WiGa-2-300x225.jpg","contentUrl":"https:\/\/ferienhausmosel.eu\/wp-content\/uploads\/2024\/08\/WiGa-2-300x225.jpg"},{"@type":"BreadcrumbList","@id":"https:\/\/www.ferienhausmosel.eu\/moselblick-uerzig\/#breadcrumb","itemListElement":[{"@type":"ListItem","position":1,"name":"Home","item":"https:\/\/www.ferienhausmosel.eu\/"},{"@type":"ListItem","position":2,"name":"Das gro\u00dfe Ferienhaus &#8222;Moselblick&#8220; in \u00dcrzig"}]},{"@type":"WebSite","@id":"https:\/\/www.ferienhausmosel.eu\/#website","url":"https:\/\/www.ferienhausmosel.eu\/","name":"Maison de vacances Moselle","description":"Les maisons de vacances \u00e0 \u00dcrzig et Zeltingen avec un charme particulier","potentialAction":[{"@type":"SearchAction","target":{"@type":"EntryPoint","urlTemplate":"https:\/\/www.ferienhausmosel.eu\/?s={search_term_string}"},"query-input":{"@type":"PropertyValueSpecification","valueRequired":true,"valueName":"search_term_string"}}],"inLanguage":"fr-FR"}]}},"_links":{"self":[{"href":"https:\/\/www.ferienhausmosel.eu\/fr\/wp-json\/wp\/v2\/pages\/3128","targetHints":{"allow":["GET"]}}],"collection":[{"href":"https:\/\/www.ferienhausmosel.eu\/fr\/wp-json\/wp\/v2\/pages"}],"about":[{"href":"https:\/\/www.ferienhausmosel.eu\/fr\/wp-json\/wp\/v2\/types\/page"}],"author":[{"embeddable":true,"href":"https:\/\/www.ferienhausmosel.eu\/fr\/wp-json\/wp\/v2\/users\/1"}],"replies":[{"embeddable":true,"href":"https:\/\/www.ferienhausmosel.eu\/fr\/wp-json\/wp\/v2\/comments?post=3128"}],"version-history":[{"count":55,"href":"https:\/\/www.ferienhausmosel.eu\/fr\/wp-json\/wp\/v2\/pages\/3128\/revisions"}],"predecessor-version":[{"id":3862,"href":"https:\/\/www.ferienhausmosel.eu\/fr\/wp-json\/wp\/v2\/pages\/3128\/revisions\/3862"}],"wp:attachment":[{"href":"https:\/\/www.ferienhausmosel.eu\/fr\/wp-json\/wp\/v2\/media?parent=3128"}],"curies":[{"name":"wp","href":"https:\/\/api.w.org\/{rel}","templated":true}]}}